{"id":1892,"date":"2025-01-06T10:50:49","date_gmt":"2025-01-06T09:50:49","guid":{"rendered":"https:\/\/www.esberitox.de\/at\/?page_id=1892"},"modified":"2025-01-06T10:52:18","modified_gmt":"2025-01-06T09:52:18","slug":"nutzungsbedingungen","status":"publish","type":"page","link":"https:\/\/www.esberitox.de\/at\/nutzungsbedingungen\/","title":{"rendered":"Nutzungs\u00adbedingungen"},"content":{"rendered":"<div id=\"pl-1892\"  class=\"panel-layout\" ><div id=\"pg-1892-0\"  class=\"panel-grid panel-no-style\" ><div id=\"pgc-1892-0-0\"  class=\"panel-grid-cell\" ><div id=\"panel-1892-0-0-0\" class=\"so-panel widget widget_wph-hero-form-fields panel-first-child panel-last-child\" data-index=\"0\" ><div\n\t\t\t\n\t\t\tclass=\"so-widget-wph-hero-form-fields so-widget-wph-hero-form-fields-base\"\n\t\t\t\n\t\t><!-- hero-sectionm start -->\n<section class=\"hero-sectionm\">\n    <div class=\"container\">\n                    <style>\n                .hero-mainm {\n                    padding-top: 0;\n                }\n            <\/style>\n                <div class=\"hero-mainm\">\n            <div class=\"row \">\n                <div class=\"col-md-5 order-2 order-md-1\">\n                    <div class=\"hero-leftm\">\n                        <h1><span style=\"font-size: 36px;\"><strong>www.esberitox.at<\/strong><\/span><\/h1>\n<h1><span style=\"font-size: 54px; color: #009739;\">Nutzungs\u00adbedingungen<\/span><\/h1>\n                                        <\/div>\n                <\/div>\n                <div class=\"col-md-7 order-1 order-md-2\">\n                    <div class=\"hero-rightm\">\n                                                    <img decoding=\"async\" class=\"\" src=\"https:\/\/www.esberitox.de\/at\/wp-content\/uploads\/esberitox-at-keyvisual-hero.jpg\" alt=\"\">\n                                            <\/div>\n                <\/div>\n            <\/div>\n        <\/div>\n    <\/div>\n<\/section>\n<!-- hero-sectionm end --><\/div><\/div><\/div><\/div><div id=\"pg-1892-1\"  class=\"panel-grid panel-no-style\" ><div id=\"pgc-1892-1-0\"  class=\"panel-grid-cell\" ><div id=\"panel-1892-1-0-0\" class=\"so-panel widget widget_sow-editor panel-first-child panel-last-child\" data-index=\"1\" ><div\n\t\t\t\n\t\t\tclass=\"so-widget-sow-editor so-widget-sow-editor-base\"\n\t\t\t\n\t\t>\n<div class=\"siteorigin-widget-tinymce textwidget\">\n\t<p><strong>Qualit\u00e4t der Informationen<\/strong><br \/>\nDie MEDICE Arzneimittel GmbH ist bem\u00fcht, die Informationen, die auf dieser Website angeboten werden, st\u00e4ndig zu aktualisieren und auf ihre Richtigkeit zu \u00fcberpr\u00fcfen. Wir \u00fcbernehmen jedoch keine Verantwortung f\u00fcr die Richtigkeit und Vollst\u00e4ndigkeit der Informationen.<\/p>\n<p>Insbesondere weisen wir darauf hin, dass die Inhalte dieser Website nicht der Erteilung medizinischer oder anderer Ratschl\u00e4ge oder Anweisungen zu Arzneimitteln oder bestimmten Krankheiten dienen. Die Informationen dieser Website stellen keine Alternative zur Beratung durch einen Arzt oder Apotheker dar. Sofern Sie Rat zu spezifischen Gesundheitsproblemen ben\u00f6tigen, wenden Sie sich bitte ausschlie\u00dflich an Ihren Arzt.<\/p>\n<p><strong>Nutzungsbedingungen dieser Website<\/strong><br \/>\nAlle Inhalte dieser Website sind Eigentum der MEDICE Arzneimittel GmbH. Die Verwendung einzelner Inhalte aus dieser Website ist Usern nur gestattet, wenn die Ausz\u00fcge unver\u00e4ndert bleiben, die Ausschnitte ausschlie\u00dflich zum nicht kommerziellen und pers\u00f6nlichen Gebrauch verwendet werden, ein Hinweis auf das Copyright der MEDICE Arzneimittel GmbH erfolgt.<\/p>\n<p>Jede andere Verwertung, wie beispielsweise die Vervielf\u00e4ltigung, \u00dcbersetzung, Mikroverfilmung, Einspeicherung und Verarbeitung in elektronischen Systemen zu kommerziellen Zwecken bed\u00fcrfen der vorherigen schriftlichen Genehmigung der MEDICE Arzneimittel GmbH. Die auf dieser Website genannten Produktnamen sind Marken der MEDICE Arzneimittel GmbH. Dies gilt unabh\u00e4ngig davon, ob Sie mit dem Zeichen\u00a0<sup>\u00ae<\/sup>\u00a0oder mit einem anderen Symbol gekennzeichnet sind oder nicht. Die Verwendung dieser Zeichen ist Dritten untersagt.<\/p>\n<p><strong>Wichtige Hinweise<\/strong><br \/>\n\u00dcber die auf dieser Website enthaltenen Links verlassen Sie das Angebot von MEDICE. Auch wenn wir gro\u00dfe Sorgfalt darauf verwenden, Ihnen qualitativ gute Links anzubieten, machen wir uns die Inhalte dieser Seiten ausdr\u00fccklich nicht zu eigen und \u00fcbernehmen f\u00fcr die Inhalte der verlinkten Seiten keine Gew\u00e4hrleistung.<br \/>\nCopyright\u00a0<sup>\u00a9<\/sup>\u00a0MEDICE Arzneimittel GmbH, 2023. Alle Rechte vorbehalten.<\/p>\n<\/div>\n<\/div><\/div><\/div><\/div><\/div>","protected":false},"excerpt":{"rendered":"<p>Qualit\u00e4t der Informationen Die MEDICE Arzneimittel GmbH ist bem\u00fcht, die Informationen, die auf dieser Website angeboten werden, st\u00e4ndig zu aktualisieren und auf ihre Richtigkeit zu \u00fcberpr\u00fcfen. Wir \u00fcbernehmen jedoch keine Verantwortung f\u00fcr die Richtigkeit und [&hellip;]<\/p>\n","protected":false},"author":2,"featured_media":0,"parent":0,"menu_order":0,"comment_status":"closed","ping_status":"closed","template":"","meta":{"inline_featured_image":false,"footnotes":""},"class_list":["post-1892","page","type-page","status-publish","hentry"],"yoast_head":"<!-- This site is optimized with the Yoast SEO plugin v27.1.1 - https:\/\/yoast.com\/product\/yoast-seo-wordpress\/ -->\n<title>Nutzungs\u00adbedingungen - Esberitox<\/title>\n<meta name=\"robots\" content=\"index, follow, max-snippet:-1, max-image-preview:large, max-video-preview:-1\" \/>\n<link rel=\"canonical\" href=\"https:\/\/www.esberitox.de\/at\/nutzungsbedingungen\/\" \/>\n<meta property=\"og:locale\" content=\"de_DE\" \/>\n<meta property=\"og:type\" content=\"article\" \/>\n<meta property=\"og:title\" content=\"Nutzungs\u00adbedingungen - Esberitox\" \/>\n<meta property=\"og:description\" content=\"Qualit\u00e4t der Informationen Die MEDICE Arzneimittel GmbH ist bem\u00fcht, die Informationen, die auf dieser Website angeboten werden, st\u00e4ndig zu aktualisieren und auf ihre Richtigkeit zu \u00fcberpr\u00fcfen. Wir \u00fcbernehmen jedoch keine Verantwortung f\u00fcr die Richtigkeit und [&hellip;]\" \/>\n<meta property=\"og:url\" content=\"https:\/\/www.esberitox.de\/at\/nutzungsbedingungen\/\" \/>\n<meta property=\"og:site_name\" content=\"Esberitox\" \/>\n<meta property=\"article:modified_time\" content=\"2025-01-06T09:52:18+00:00\" \/>\n<meta name=\"twitter:card\" content=\"summary_large_image\" \/>\n<meta name=\"twitter:label1\" content=\"Gesch\u00e4tzte Lesezeit\" \/>\n\t<meta name=\"twitter:data1\" content=\"2\u00a0Minuten\" \/>\n<script type=\"application\/ld+json\" class=\"yoast-schema-graph\">{\"@context\":\"https:\/\/schema.org\",\"@graph\":[{\"@type\":\"WebPage\",\"@id\":\"https:\/\/www.esberitox.de\/at\/nutzungsbedingungen\/\",\"url\":\"https:\/\/www.esberitox.de\/at\/nutzungsbedingungen\/\",\"name\":\"Nutzungs\u00adbedingungen - Esberitox\",\"isPartOf\":{\"@id\":\"https:\/\/www.esberitox.de\/at\/#website\"},\"datePublished\":\"2025-01-06T09:50:49+00:00\",\"dateModified\":\"2025-01-06T09:52:18+00:00\",\"breadcrumb\":{\"@id\":\"https:\/\/www.esberitox.de\/at\/nutzungsbedingungen\/#breadcrumb\"},\"inLanguage\":\"de\",\"potentialAction\":[{\"@type\":\"ReadAction\",\"target\":[\"https:\/\/www.esberitox.de\/at\/nutzungsbedingungen\/\"]}]},{\"@type\":\"BreadcrumbList\",\"@id\":\"https:\/\/www.esberitox.de\/at\/nutzungsbedingungen\/#breadcrumb\",\"itemListElement\":[{\"@type\":\"ListItem\",\"position\":1,\"name\":\"Startseite\",\"item\":\"https:\/\/www.esberitox.de\/at\/at\/\"},{\"@type\":\"ListItem\",\"position\":2,\"name\":\"Nutzungs\u00adbedingungen\"}]},{\"@type\":\"WebSite\",\"@id\":\"https:\/\/www.esberitox.de\/at\/#website\",\"url\":\"https:\/\/www.esberitox.de\/at\/\",\"name\":\"Esberitox\",\"description\":\"\",\"potentialAction\":[{\"@type\":\"SearchAction\",\"target\":{\"@type\":\"EntryPoint\",\"urlTemplate\":\"https:\/\/www.esberitox.de\/at\/?s={search_term_string}\"},\"query-input\":{\"@type\":\"PropertyValueSpecification\",\"valueRequired\":true,\"valueName\":\"search_term_string\"}}],\"inLanguage\":\"de\"}]}<\/script>\n<!-- \/ Yoast SEO plugin. -->","yoast_head_json":{"title":"Nutzungs\u00adbedingungen - Esberitox","robots":{"index":"index","follow":"follow","max-snippet":"max-snippet:-1","max-image-preview":"max-image-preview:large","max-video-preview":"max-video-preview:-1"},"canonical":"https:\/\/www.esberitox.de\/at\/nutzungsbedingungen\/","og_locale":"de_DE","og_type":"article","og_title":"Nutzungs\u00adbedingungen - Esberitox","og_description":"Qualit\u00e4t der Informationen Die MEDICE Arzneimittel GmbH ist bem\u00fcht, die Informationen, die auf dieser Website angeboten werden, st\u00e4ndig zu aktualisieren und auf ihre Richtigkeit zu \u00fcberpr\u00fcfen. Wir \u00fcbernehmen jedoch keine Verantwortung f\u00fcr die Richtigkeit und [&hellip;]","og_url":"https:\/\/www.esberitox.de\/at\/nutzungsbedingungen\/","og_site_name":"Esberitox","article_modified_time":"2025-01-06T09:52:18+00:00","twitter_card":"summary_large_image","twitter_misc":{"Gesch\u00e4tzte Lesezeit":"2\u00a0Minuten"},"schema":{"@context":"https:\/\/schema.org","@graph":[{"@type":"WebPage","@id":"https:\/\/www.esberitox.de\/at\/nutzungsbedingungen\/","url":"https:\/\/www.esberitox.de\/at\/nutzungsbedingungen\/","name":"Nutzungs\u00adbedingungen - Esberitox","isPartOf":{"@id":"https:\/\/www.esberitox.de\/at\/#website"},"datePublished":"2025-01-06T09:50:49+00:00","dateModified":"2025-01-06T09:52:18+00:00","breadcrumb":{"@id":"https:\/\/www.esberitox.de\/at\/nutzungsbedingungen\/#breadcrumb"},"inLanguage":"de","potentialAction":[{"@type":"ReadAction","target":["https:\/\/www.esberitox.de\/at\/nutzungsbedingungen\/"]}]},{"@type":"BreadcrumbList","@id":"https:\/\/www.esberitox.de\/at\/nutzungsbedingungen\/#breadcrumb","itemListElement":[{"@type":"ListItem","position":1,"name":"Startseite","item":"https:\/\/www.esberitox.de\/at\/at\/"},{"@type":"ListItem","position":2,"name":"Nutzungs\u00adbedingungen"}]},{"@type":"WebSite","@id":"https:\/\/www.esberitox.de\/at\/#website","url":"https:\/\/www.esberitox.de\/at\/","name":"Esberitox","description":"","potentialAction":[{"@type":"SearchAction","target":{"@type":"EntryPoint","urlTemplate":"https:\/\/www.esberitox.de\/at\/?s={search_term_string}"},"query-input":{"@type":"PropertyValueSpecification","valueRequired":true,"valueName":"search_term_string"}}],"inLanguage":"de"}]}},"_links":{"self":[{"href":"https:\/\/www.esberitox.de\/at\/wp-json\/wp\/v2\/pages\/1892","targetHints":{"allow":["GET"]}}],"collection":[{"href":"https:\/\/www.esberitox.de\/at\/wp-json\/wp\/v2\/pages"}],"about":[{"href":"https:\/\/www.esberitox.de\/at\/wp-json\/wp\/v2\/types\/page"}],"author":[{"embeddable":true,"href":"https:\/\/www.esberitox.de\/at\/wp-json\/wp\/v2\/users\/2"}],"replies":[{"embeddable":true,"href":"https:\/\/www.esberitox.de\/at\/wp-json\/wp\/v2\/comments?post=1892"}],"version-history":[{"count":2,"href":"https:\/\/www.esberitox.de\/at\/wp-json\/wp\/v2\/pages\/1892\/revisions"}],"predecessor-version":[{"id":1894,"href":"https:\/\/www.esberitox.de\/at\/wp-json\/wp\/v2\/pages\/1892\/revisions\/1894"}],"wp:attachment":[{"href":"https:\/\/www.esberitox.de\/at\/wp-json\/wp\/v2\/media?parent=1892"}],"curies":[{"name":"wp","href":"https:\/\/api.w.org\/{rel}","templated":true}]}}