{"id":569,"date":"2024-11-29T11:56:33","date_gmt":"2024-11-29T10:56:33","guid":{"rendered":"https:\/\/www.esberitox.de\/?page_id=569"},"modified":"2025-01-02T16:39:17","modified_gmt":"2025-01-02T15:39:17","slug":"erkaeltungsmittel-fuer-kinder","status":"publish","type":"page","link":"https:\/\/www.esberitox.de\/at\/ratgeber-hausmittel\/erkaeltungsmittel-fuer-kinder\/","title":{"rendered":"Erk\u00e4ltungsmittel f\u00fcr Kinder"},"content":{"rendered":"<div id=\"pl-569\"  class=\"panel-layout\" ><div id=\"pg-569-0\"  class=\"panel-grid panel-no-style\" ><div id=\"pgc-569-0-0\"  class=\"panel-grid-cell\" ><div id=\"panel-569-0-0-0\" class=\"so-panel widget widget_wph-hero-form-fields panel-first-child panel-last-child\" data-index=\"0\" ><div\n\t\t\t\n\t\t\tclass=\"so-widget-wph-hero-form-fields so-widget-wph-hero-form-fields-base\"\n\t\t\t\n\t\t><!-- hero-sectionm start -->\n<section class=\"hero-sectionm\">\n    <div class=\"container\">\n                    <style>\n                .hero-mainm {\n                    padding-top: 0;\n                }\n            <\/style>\n                <div class=\"hero-mainm\">\n            <div class=\"row \">\n                <div class=\"col-md-5 order-2 order-md-1\">\n                    <div class=\"hero-leftm\">\n                        <h2><strong>Esberitox<sup>\u00ae<\/sup>:<\/strong><\/h2>\n<h1><span style=\"color: #009739;\">Einfach gut f\u00fcr Kinder<\/span><\/h1>\n<ul>\n<li>Rein pflanzliche und gut vertr\u00e4gliche Erk\u00e4ltungsarznei<\/li>\n<li>F\u00fcr Kinder ab 4 Jahren geeignet<\/li>\n<li>Tipps und unterst\u00fctzende Hausmittel<br \/>\nneben der Behandlung mit Esberitox<sup>\u00ae<\/sup><\/li>\n<\/ul>\n                                        <\/div>\n                <\/div>\n                <div class=\"col-md-7 order-1 order-md-2\">\n                    <div class=\"hero-rightm\">\n                                                    <img decoding=\"async\" class=\"\" src=\"https:\/\/www.esberitox.de\/at\/wp-content\/uploads\/esberitox_halsschmerzen_bei_kindern_at-1.jpg\" alt=\"\">\n                                            <\/div>\n                <\/div>\n            <\/div>\n        <\/div>\n    <\/div>\n<\/section>\n<!-- hero-sectionm end --><\/div><\/div><\/div><\/div><div id=\"pg-569-1\"  class=\"panel-grid panel-no-style\" ><div id=\"pgc-569-1-0\"  class=\"panel-grid-cell\" ><div id=\"panel-569-1-0-0\" class=\"so-panel widget widget_wph-textbox-form-fields panel-first-child panel-last-child\" data-index=\"1\" ><div\n\t\t\t\n\t\t\tclass=\"so-widget-wph-textbox-form-fields so-widget-wph-textbox-form-fields-base\"\n\t\t\t\n\t\t><!-- hero-area3-start -->\n<section class=\"hero-area3 textbox-5893\">\n    <div class=\"container\">\n        <div class=\"hero-btm\">\n                                        <div class=\"content\">\n                    <h2><span style=\"color: #009739; font-size: 30px;\">Rein pflanzliche und gut vertr\u00e4gliche Erk\u00e4ltungsarznei f\u00fcr Kinder ab 4 Jahren<\/span><\/h2>\n<p>Kinder erk\u00e4lten sich h\u00e4ufiger als Erwachsene. Das kindliche Immunsystem ist durch den intensiven Kontakt mit anderen jungen Menschen im Kindergarten, in der Schule und in der Freizeit den Erk\u00e4ltungsviren verst\u00e4rkt ausgesetzt.<\/p>\n<p>Ein unbedenkliches Erk\u00e4ltungspr\u00e4parat f\u00fcr Kinder zu finden, ist jedoch nicht ganz einfach. Der nat\u00fcrliche Erk\u00e4ltungshelfer von Esberitox<sup>\u00ae<\/sup> ist gut vertr\u00e4glich und wirkt mit der Kraft der Pflanzen. Bereits f\u00fcr Kinder ab 4 Jahren bietet Esberitox<sup>\u00ae<\/sup> Hilfe zur Linderung der typischen Erk\u00e4ltungssymptome.<\/p>\n                <\/div>\n                    <\/div>\n    <\/div>\n<\/section>\n<!-- hero-area3-end -->\n<\/div><\/div><\/div><\/div><div id=\"pg-569-2\"  class=\"panel-grid panel-no-style\" ><div id=\"pgc-569-2-0\"  class=\"panel-grid-cell\" ><div id=\"panel-569-2-0-0\" class=\"so-panel widget widget_wph-textboxlb-form-fields panel-first-child panel-last-child\" data-index=\"2\" ><div\n\t\t\t\n\t\t\tclass=\"so-widget-wph-textboxlb-form-fields so-widget-wph-textboxlb-form-fields-base\"\n\t\t\t\n\t\t><section class=\"cystinol-area3 leaf-box-92685\">\n    <div class=\"cystinol3-main\" style=\"background-color: #e0f4e8\">\n        <div class=\"container\">\n            <div class=\"row\">\n                <div id=\"pl-wd39e92e6\"  class=\"panel-layout\" ><div id=\"pg-wd39e92e6-0\"  class=\"panel-grid panel-has-style\" ><div class=\"panel-row-style panel-row-style-for-wd39e92e6-0\" ><div id=\"pgc-wd39e92e6-0-0\"  class=\"panel-grid-cell\" ><div id=\"panel-wd39e92e6-0-0-0\" class=\"so-panel widget widget_sow-editor panel-first-child panel-last-child\" data-index=\"0\" ><div class=\"panel-widget-style panel-widget-style-for-wd39e92e6-0-0-0\" ><div\n\t\t\t\n\t\t\tclass=\"so-widget-sow-editor so-widget-sow-editor-base\"\n\t\t\t\n\t\t>\n<div class=\"siteorigin-widget-tinymce textwidget\">\n\t<p style=\"text-align: center;\"><span style=\"font-size: 20px; color: #009739;\"><strong>F\u00fcr Kinder ab 4 Jahren:<\/strong><\/span><\/p>\n<h2 style=\"text-align: center;\"><span style=\"font-size: 30px; color: #009739;\">Esberitox<sup>\u00ae<\/sup> bei Erk\u00e4ltung<\/span><\/h2>\n<\/div>\n<\/div><\/div><\/div><\/div><\/div><\/div><div id=\"pg-wd39e92e6-1\"  class=\"panel-grid panel-has-style\" ><div class=\"panel-row-style panel-row-style-for-wd39e92e6-1\" ><div id=\"pgc-wd39e92e6-1-0\"  class=\"panel-grid-cell\" ><div id=\"panel-wd39e92e6-1-0-0\" class=\"so-panel widget widget_sow-editor panel-first-child panel-last-child\" data-index=\"1\" ><div class=\"panel-widget-style panel-widget-style-for-wd39e92e6-1-0-0\" ><div\n\t\t\t\n\t\t\tclass=\"so-widget-sow-editor so-widget-sow-editor-base\"\n\t\t\t\n\t\t>\n<div class=\"siteorigin-widget-tinymce textwidget\">\n\t<p><a href=\"https:\/\/www.esberitox.de\/at\/esberitox-tabletten\/\">Esberitox<sup>\u00ae<\/sup><\/a>\u00a0sorgt daf\u00fcr, dass Erk\u00e4ltungsviren schneller und effektiver bek\u00e4mpft werden k\u00f6nnen, Erk\u00e4ltungen damit insgesamt milder verlaufen \u2013\u00a0<strong>f\u00fcr Erwachsene und Kinder ab 4 Jahren<\/strong>.<\/p>\n<\/div>\n<\/div><\/div><\/div><\/div><div id=\"pgc-wd39e92e6-1-1\"  class=\"panel-grid-cell\" ><div id=\"panel-wd39e92e6-1-1-0\" class=\"so-panel widget widget_sow-editor panel-first-child panel-last-child\" data-index=\"2\" ><div class=\"panel-widget-style panel-widget-style-for-wd39e92e6-1-1-0\" ><div\n\t\t\t\n\t\t\tclass=\"so-widget-sow-editor so-widget-sow-editor-base\"\n\t\t\t\n\t\t>\n<div class=\"siteorigin-widget-tinymce textwidget\">\n\t<table style=\"border-collapse: collapse; width: 100%;\" border=\"1\">\n<tbody>\n<tr>\n<td style=\"width: 50%;\">Kinder von 7 bis<br \/>\n11 Jahren<\/td>\n<td style=\"width: 50%;\">3-mal t\u00e4gl.<br \/>\n2 Tabletten<\/td>\n<\/tr>\n<tr>\n<td style=\"width: 50%;\">Kinder von 4 bis<br \/>\n6 Jahren<\/td>\n<td style=\"width: 50%;\">3-mal t\u00e4gl.<br \/>\n1 Tabletten<\/td>\n<\/tr>\n<\/tbody>\n<\/table>\n<\/div>\n<\/div><\/div><\/div><\/div><\/div><\/div><\/div>            <\/div>\n        <\/div>\n    <\/div>\n<\/section>\n\n    <style>\n        .leaf-box-92685 .cystinol3-main {\n            padding: 90px 195px;\n            width: 1200px;\n            margin: 0 auto;\n        }\n    <\/style>\n\n<\/div><\/div><\/div><\/div><div id=\"pg-569-3\"  class=\"panel-grid panel-no-style\" ><div id=\"pgc-569-3-0\"  class=\"panel-grid-cell\" ><div id=\"panel-569-3-0-0\" class=\"so-panel widget widget_sow-editor panel-first-child panel-last-child\" data-index=\"3\" ><div\n\t\t\t\n\t\t\tclass=\"so-widget-sow-editor so-widget-sow-editor-base\"\n\t\t\t\n\t\t>\n<div class=\"siteorigin-widget-tinymce textwidget\">\n\t<p><img loading=\"lazy\" decoding=\"async\" class=\"alignnone size-medium wp-image-210\" src=\"https:\/\/www.esberitox.de\/wp-content\/uploads\/csm_erkaeltung_kind-300x276.jpg\" alt=\"\" width=\"300\" height=\"276\" srcset=\"https:\/\/www.esberitox.de\/at\/wp-content\/uploads\/csm_erkaeltung_kind-300x276.jpg 300w, https:\/\/www.esberitox.de\/at\/wp-content\/uploads\/csm_erkaeltung_kind.jpg 523w\" sizes=\"auto, (max-width: 300px) 100vw, 300px\" \/><\/p>\n<\/div>\n<\/div><\/div><\/div><div id=\"pgc-569-3-1\"  class=\"panel-grid-cell\" ><div id=\"panel-569-3-1-0\" class=\"so-panel widget widget_sow-editor panel-first-child panel-last-child\" data-index=\"4\" ><div\n\t\t\t\n\t\t\tclass=\"so-widget-sow-editor so-widget-sow-editor-base\"\n\t\t\t\n\t\t>\n<div class=\"siteorigin-widget-tinymce textwidget\">\n\t<p><span style=\"font-size: 20px; color: #009739;\"><strong>Der Erk\u00e4ltungsratgeber<\/strong><\/span><\/p>\n<h2><span style=\"font-size: 30px;\">Alles zum Thema Erk\u00e4ltung bei Kindern<\/span><\/h2>\n<p>Mehr Infor\u00admationen zum Thema Erk\u00e4ltungen bei Kindern finden Sie in unserem Erk\u00e4ltungs-Ratgeber.<\/p>\n<p>Der Erk\u00e4ltungsratgeber bietet Ihnen Tipps und Tricks rund um die Themen Fieber, Schnupfen, Halsschmerzen und alles weitere zum grippalen Infekt. Damit\u00a0<a href=\"https:\/\/www.esberitox.de\/at\/grippaler-infekt\/husten\/\">Husten<\/a>, <a href=\"https:\/\/www.esberitox.de\/at\/grippaler-infekt\/schnupfen\/\">Schnupfen<\/a>\u00a0&amp; Heiserkeit keine Chance haben, finden Sie in unserem Ratgeber alles rund um die Themen\u00a0<a href=\"https:\/\/www.esberitox.de\/at\/ratgeber-hausmittel\/erkaeltung-behandeln\/\">Erk\u00e4ltung behandeln<\/a>,\u00a0<a href=\"https:\/\/www.esberitox.de\/at\/ratgeber-hausmittel\/erkaeltung-vorbeugen\/\">Erk\u00e4ltung vorbeugen<\/a>\u00a0und das beste aus\u00a0<a href=\"https:\/\/www.esberitox.de\/at\/ratgeber-hausmittel\/hausmittel-bei-erkaeltung\/\">Omas Hausmittel<\/a>\u00a0Repertoire.<\/p>\n<p><a href=\"https:\/\/www.esberitox.de\/at\/hausmittel-bei-reizhusten-2\/\">Ratgeberartikel zum Thema Erk\u00e4ltung bei Kindern<\/a><\/p>\n<\/div>\n<\/div><\/div><\/div><\/div><div id=\"pg-569-4\"  class=\"panel-grid panel-no-style\" ><div id=\"pgc-569-4-0\"  class=\"panel-grid-cell\" ><div id=\"panel-569-4-0-0\" class=\"so-panel widget widget_sow-editor panel-first-child panel-last-child\" data-index=\"5\" ><div\n\t\t\t\n\t\t\tclass=\"so-widget-sow-editor so-widget-sow-editor-base\"\n\t\t\t\n\t\t>\n<div class=\"siteorigin-widget-tinymce textwidget\">\n\t<h2 style=\"text-align: center;\"><span style=\" color: #009739;\">Ratgeber Thema<\/span><\/h2>\n<p style=\"text-align: center;\"><strong>\u201eErk\u00e4ltung vorbeugen\u201c<\/strong><\/p>\n<\/div>\n<\/div><\/div><\/div><\/div><div id=\"pg-569-5\"  class=\"panel-grid panel-no-style\" ><div id=\"pgc-569-5-0\"  class=\"panel-grid-cell\" ><div id=\"panel-569-5-0-0\" class=\"so-panel widget widget_wph-pages panel-first-child panel-last-child\" data-index=\"6\" ><div\n\t\t\t\n\t\t\tclass=\"so-widget-wph-pages so-widget-wph-pages-base\"\n\t\t\t\n\t\t><section class=\"container\">\n    <section class=\"grp\">\n        <div class=\"row row-cols-1 row-cols-md-3 g-4\">\n                            <div class=\"col\">\n                    <div class=\"card h-100\">\n                        <img decoding=\"async\" src=\"https:\/\/www.esberitox.de\/at\/wp-content\/uploads\/AdobeStock_318427445-scaled.jpeg\" class=\"card-img-top img1\">\n                        <div class=\"card-body\">\n                            <div class=\"card-title\">\n                                <a href=\"https:\/\/www.esberitox.de\/at\/ratgeber-hausmittel\/erkaeltung-vorbeugen\/\" title=\"Erk\u00e4ltung vorbeugen\">\n                                    Erk\u00e4ltung vorbeugen                                <\/a>\n                            <\/div>\n                            <div class=\"card-text\">\n                                <p>Sie sind \u00fcberall, lauern auf T\u00fcr\u00adklinken, Tastaturen und Telefonen und nutzen jede Schwach\u00adstelle unseres\u00a0Immunsystems\u00a0gnaden\u00adlos aus: Die Rede ist von Erk\u00e4ltungs\u00adviren.<\/p>\n                            <\/div>\n                        <\/div>\n                        <a href=\"https:\/\/www.esberitox.de\/at\/ratgeber-hausmittel\/erkaeltung-vorbeugen\/\" title=\"Erk\u00e4ltung vorbeugen\">\n                            Mehr erfahren                        <\/a>\n                    <\/div>\n                <\/div>\n                            <div class=\"col\">\n                    <div class=\"card h-100\">\n                        <img decoding=\"async\" src=\"https:\/\/www.esberitox.de\/at\/wp-content\/uploads\/AdobeStock_259480361-scaled.jpeg\" class=\"card-img-top img1\">\n                        <div class=\"card-body\">\n                            <div class=\"card-title\">\n                                <a href=\"https:\/\/www.esberitox.de\/at\/erkaeltung-verkuerzen\/esberitox-forte\/\" title=\"Esberitox<sup>\u00ae<\/sup> bei Erk\u00e4ltung f\u00fcr Kinder ab 4 Jahre\">\n                                    Esberitox<sup>\u00ae<\/sup> bei Erk\u00e4ltung f\u00fcr Kinder ab 4 Jahre                                <\/a>\n                            <\/div>\n                            <div class=\"card-text\">\n                                <p>Mit Esberitox<sup>\u00ae<\/sup> steht das bew\u00e4hrte und nat\u00fcrliche Arzneimittel bei Erk\u00e4ltung individuell dosierbar und mit frischem Zitronengeschmack nun der ganzen Familie ab 4 Jahren zur Verf\u00fcgung.<\/p>\n                            <\/div>\n                        <\/div>\n                        <a href=\"https:\/\/www.esberitox.de\/at\/erkaeltung-verkuerzen\/esberitox-forte\/\" title=\"Esberitox<sup>\u00ae<\/sup> bei Erk\u00e4ltung f\u00fcr Kinder ab 4 Jahre\">\n                            Mehr erfahren                        <\/a>\n                    <\/div>\n                <\/div>\n                            <div class=\"col\">\n                    <div class=\"card h-100\">\n                        <img decoding=\"async\" src=\"https:\/\/www.esberitox.de\/at\/wp-content\/uploads\/AdobeStock_291247001-scaled.jpeg\" class=\"card-img-top img1\">\n                        <div class=\"card-body\">\n                            <div class=\"card-title\">\n                                <a href=\"https:\/\/www.esberitox.de\/at\/ratgeber-hausmittel\/erkaeltung-behandeln\/\" title=\"Erk\u00e4ltung behandeln\">\n                                    Erk\u00e4ltung behandeln                                <\/a>\n                            <\/div>\n                            <div class=\"card-text\">\n                                <p>\"Ich werde meine Erk\u00e4ltung einfach nicht los!\u201c \u2013 im Winter kennen viele dieses Problem. Fakt ist: 350 Erk\u00e4lt\u00adungen muss unser K\u00f6rper durch\u00adschnittlich im Leben \u00fcber\u00adwinden.<\/p>\n                            <\/div>\n                        <\/div>\n                        <a href=\"https:\/\/www.esberitox.de\/at\/ratgeber-hausmittel\/erkaeltung-behandeln\/\" title=\"Erk\u00e4ltung behandeln\">\n                            Mehr erfahren                        <\/a>\n                    <\/div>\n                <\/div>\n                    <\/div>\n    <\/section>\n<\/section>\n<\/div><\/div><\/div><\/div><div id=\"pg-569-6\"  class=\"panel-grid panel-no-style\" ><div id=\"pgc-569-6-0\"  class=\"panel-grid-cell\" ><div id=\"panel-569-6-0-0\" class=\"so-panel widget widget_wph-templates panel-first-child panel-last-child\" data-index=\"7\" ><div\n\t\t\t\n\t\t\tclass=\"so-widget-wph-templates so-widget-wph-templates-base\"\n\t\t\t\n\t\t><section id=\"siteorigin-panels-builder-3\" class=\"widget widget_siteorigin-panels-builder\"><div id=\"pl-w6758172e89ede\"  class=\"panel-layout\" ><div id=\"pg-w6758172e89ede-0\"  class=\"panel-grid panel-has-style\" ><div class=\"siteorigin-panels-stretch panel-row-style panel-row-style-for-w6758172e89ede-0\" data-stretch-type=\"full-width-stretch\" ><div id=\"pgc-w6758172e89ede-0-0\"  class=\"panel-grid-cell\" ><div id=\"panel-w6758172e89ede-0-0-0\" class=\"so-panel widget widget_wph-cta-form-fields panel-first-child panel-last-child\" data-index=\"0\" ><div\n\t\t\t\n\t\t\tclass=\"so-widget-wph-cta-form-fields so-widget-wph-cta-form-fields-base\"\n\t\t\t\n\t\t><section class=\"dolore-area-s1\" style=\"background-image: url(https:\/\/www.esberitox.de\/at\/wp-content\/uploads\/esberitox-at-cta.png)\">\n    <div class=\"container ps-left\">\n        <div class=\"dolore-item-s1\">\n            <h2>Esberitox<sup>\u00ae<\/sup>\u00a0jetzt<br \/>\nonline bestellen<\/h2>\n<p>Bestellen Sie noch heute Esberitox<sup>\u00ae<\/sup>\u00a0online und lassen Sie es sich bequem nach Hause liefern.<\/p>\n                            <a class=\"ci-button\" href=\"https:\/\/www.esberitox.de\/at\/jetzt-kaufen\/\" title=\"Jetzt kaufen\">\n                    Jetzt kaufen                <\/a>\n                    <\/div>\n    <\/div>\n<\/section><\/div><\/div><\/div><\/div><\/div><\/div><\/section><\/div><\/div><\/div><\/div><\/div>","protected":false},"excerpt":{"rendered":"<p>Esberitox\u00ae: Einfach gut f\u00fcr Kinder Rein pflanzliche und gut vertr\u00e4gliche Erk\u00e4ltungsarznei F\u00fcr Kinder ab 4 Jahren geeignet Tipps und unterst\u00fctzende Hausmittel neben der Behandlung mit Esberitox\u00ae Rein pflanzliche und gut vertr\u00e4gliche Erk\u00e4ltungsarznei f\u00fcr Kinder ab [&hellip;]<\/p>\n","protected":false},"author":2,"featured_media":0,"parent":616,"menu_order":0,"comment_status":"closed","ping_status":"closed","template":"","meta":{"inline_featured_image":false,"footnotes":""},"class_list":["post-569","page","type-page","status-publish","hentry"],"yoast_head":"<!-- This site is optimized with the Yoast SEO plugin v27.1.1 - https:\/\/yoast.com\/product\/yoast-seo-wordpress\/ -->\n<title>Erk\u00e4ltungsmittel f\u00fcr Kinder - Esberitox<\/title>\n<meta name=\"robots\" content=\"index, follow, max-snippet:-1, max-image-preview:large, max-video-preview:-1\" \/>\n<link rel=\"canonical\" href=\"https:\/\/www.esberitox.de\/at\/ratgeber-hausmittel\/erkaeltungsmittel-fuer-kinder\/\" \/>\n<meta property=\"og:locale\" content=\"de_DE\" \/>\n<meta property=\"og:type\" content=\"article\" \/>\n<meta property=\"og:title\" content=\"Erk\u00e4ltungsmittel f\u00fcr Kinder - Esberitox\" \/>\n<meta property=\"og:description\" content=\"Esberitox\u00ae: Einfach gut f\u00fcr Kinder Rein pflanzliche und gut vertr\u00e4gliche Erk\u00e4ltungsarznei F\u00fcr Kinder ab 4 Jahren geeignet Tipps und unterst\u00fctzende Hausmittel neben der Behandlung mit Esberitox\u00ae Rein pflanzliche und gut vertr\u00e4gliche Erk\u00e4ltungsarznei f\u00fcr Kinder ab [&hellip;]\" \/>\n<meta property=\"og:url\" content=\"https:\/\/www.esberitox.de\/at\/ratgeber-hausmittel\/erkaeltungsmittel-fuer-kinder\/\" \/>\n<meta property=\"og:site_name\" content=\"Esberitox\" \/>\n<meta property=\"article:modified_time\" content=\"2025-01-02T15:39:17+00:00\" \/>\n<meta property=\"og:image\" content=\"https:\/\/www.esberitox.de\/wp-content\/uploads\/csm_erkaeltung_kind-300x276.jpg\" \/>\n<meta name=\"twitter:card\" content=\"summary_large_image\" \/>\n<meta name=\"twitter:label1\" content=\"Gesch\u00e4tzte Lesezeit\" \/>\n\t<meta name=\"twitter:data1\" content=\"4\u00a0Minuten\" \/>\n<script type=\"application\/ld+json\" class=\"yoast-schema-graph\">{\"@context\":\"https:\/\/schema.org\",\"@graph\":[{\"@type\":\"WebPage\",\"@id\":\"https:\/\/www.esberitox.de\/at\/ratgeber-hausmittel\/erkaeltungsmittel-fuer-kinder\/\",\"url\":\"https:\/\/www.esberitox.de\/at\/ratgeber-hausmittel\/erkaeltungsmittel-fuer-kinder\/\",\"name\":\"Erk\u00e4ltungsmittel f\u00fcr Kinder - Esberitox\",\"isPartOf\":{\"@id\":\"https:\/\/www.esberitox.de\/at\/#website\"},\"primaryImageOfPage\":{\"@id\":\"https:\/\/www.esberitox.de\/at\/ratgeber-hausmittel\/erkaeltungsmittel-fuer-kinder\/#primaryimage\"},\"image\":{\"@id\":\"https:\/\/www.esberitox.de\/at\/ratgeber-hausmittel\/erkaeltungsmittel-fuer-kinder\/#primaryimage\"},\"thumbnailUrl\":\"https:\/\/www.esberitox.de\/wp-content\/uploads\/csm_erkaeltung_kind-300x276.jpg\",\"datePublished\":\"2024-11-29T10:56:33+00:00\",\"dateModified\":\"2025-01-02T15:39:17+00:00\",\"breadcrumb\":{\"@id\":\"https:\/\/www.esberitox.de\/at\/ratgeber-hausmittel\/erkaeltungsmittel-fuer-kinder\/#breadcrumb\"},\"inLanguage\":\"de\",\"potentialAction\":[{\"@type\":\"ReadAction\",\"target\":[\"https:\/\/www.esberitox.de\/at\/ratgeber-hausmittel\/erkaeltungsmittel-fuer-kinder\/\"]}]},{\"@type\":\"ImageObject\",\"inLanguage\":\"de\",\"@id\":\"https:\/\/www.esberitox.de\/at\/ratgeber-hausmittel\/erkaeltungsmittel-fuer-kinder\/#primaryimage\",\"url\":\"https:\/\/www.esberitox.de\/wp-content\/uploads\/csm_erkaeltung_kind-300x276.jpg\",\"contentUrl\":\"https:\/\/www.esberitox.de\/wp-content\/uploads\/csm_erkaeltung_kind-300x276.jpg\"},{\"@type\":\"BreadcrumbList\",\"@id\":\"https:\/\/www.esberitox.de\/at\/ratgeber-hausmittel\/erkaeltungsmittel-fuer-kinder\/#breadcrumb\",\"itemListElement\":[{\"@type\":\"ListItem\",\"position\":1,\"name\":\"Startseite\",\"item\":\"https:\/\/www.esberitox.de\/at\/at\/\"},{\"@type\":\"ListItem\",\"position\":2,\"name\":\"Ratgeber &#038; Hausmittel\",\"item\":\"https:\/\/www.esberitox.de\/at\/ratgeber-hausmittel\/\"},{\"@type\":\"ListItem\",\"position\":3,\"name\":\"Erk\u00e4ltungsmittel f\u00fcr Kinder\"}]},{\"@type\":\"WebSite\",\"@id\":\"https:\/\/www.esberitox.de\/at\/#website\",\"url\":\"https:\/\/www.esberitox.de\/at\/\",\"name\":\"Esberitox\",\"description\":\"\",\"potentialAction\":[{\"@type\":\"SearchAction\",\"target\":{\"@type\":\"EntryPoint\",\"urlTemplate\":\"https:\/\/www.esberitox.de\/at\/?s={search_term_string}\"},\"query-input\":{\"@type\":\"PropertyValueSpecification\",\"valueRequired\":true,\"valueName\":\"search_term_string\"}}],\"inLanguage\":\"de\"}]}<\/script>\n<!-- \/ Yoast SEO plugin. -->","yoast_head_json":{"title":"Erk\u00e4ltungsmittel f\u00fcr Kinder - Esberitox","robots":{"index":"index","follow":"follow","max-snippet":"max-snippet:-1","max-image-preview":"max-image-preview:large","max-video-preview":"max-video-preview:-1"},"canonical":"https:\/\/www.esberitox.de\/at\/ratgeber-hausmittel\/erkaeltungsmittel-fuer-kinder\/","og_locale":"de_DE","og_type":"article","og_title":"Erk\u00e4ltungsmittel f\u00fcr Kinder - Esberitox","og_description":"Esberitox\u00ae: Einfach gut f\u00fcr Kinder Rein pflanzliche und gut vertr\u00e4gliche Erk\u00e4ltungsarznei F\u00fcr Kinder ab 4 Jahren geeignet Tipps und unterst\u00fctzende Hausmittel neben der Behandlung mit Esberitox\u00ae Rein pflanzliche und gut vertr\u00e4gliche Erk\u00e4ltungsarznei f\u00fcr Kinder ab [&hellip;]","og_url":"https:\/\/www.esberitox.de\/at\/ratgeber-hausmittel\/erkaeltungsmittel-fuer-kinder\/","og_site_name":"Esberitox","article_modified_time":"2025-01-02T15:39:17+00:00","og_image":[{"url":"https:\/\/www.esberitox.de\/wp-content\/uploads\/csm_erkaeltung_kind-300x276.jpg","type":"","width":"","height":""}],"twitter_card":"summary_large_image","twitter_misc":{"Gesch\u00e4tzte Lesezeit":"4\u00a0Minuten"},"schema":{"@context":"https:\/\/schema.org","@graph":[{"@type":"WebPage","@id":"https:\/\/www.esberitox.de\/at\/ratgeber-hausmittel\/erkaeltungsmittel-fuer-kinder\/","url":"https:\/\/www.esberitox.de\/at\/ratgeber-hausmittel\/erkaeltungsmittel-fuer-kinder\/","name":"Erk\u00e4ltungsmittel f\u00fcr Kinder - Esberitox","isPartOf":{"@id":"https:\/\/www.esberitox.de\/at\/#website"},"primaryImageOfPage":{"@id":"https:\/\/www.esberitox.de\/at\/ratgeber-hausmittel\/erkaeltungsmittel-fuer-kinder\/#primaryimage"},"image":{"@id":"https:\/\/www.esberitox.de\/at\/ratgeber-hausmittel\/erkaeltungsmittel-fuer-kinder\/#primaryimage"},"thumbnailUrl":"https:\/\/www.esberitox.de\/wp-content\/uploads\/csm_erkaeltung_kind-300x276.jpg","datePublished":"2024-11-29T10:56:33+00:00","dateModified":"2025-01-02T15:39:17+00:00","breadcrumb":{"@id":"https:\/\/www.esberitox.de\/at\/ratgeber-hausmittel\/erkaeltungsmittel-fuer-kinder\/#breadcrumb"},"inLanguage":"de","potentialAction":[{"@type":"ReadAction","target":["https:\/\/www.esberitox.de\/at\/ratgeber-hausmittel\/erkaeltungsmittel-fuer-kinder\/"]}]},{"@type":"ImageObject","inLanguage":"de","@id":"https:\/\/www.esberitox.de\/at\/ratgeber-hausmittel\/erkaeltungsmittel-fuer-kinder\/#primaryimage","url":"https:\/\/www.esberitox.de\/wp-content\/uploads\/csm_erkaeltung_kind-300x276.jpg","contentUrl":"https:\/\/www.esberitox.de\/wp-content\/uploads\/csm_erkaeltung_kind-300x276.jpg"},{"@type":"BreadcrumbList","@id":"https:\/\/www.esberitox.de\/at\/ratgeber-hausmittel\/erkaeltungsmittel-fuer-kinder\/#breadcrumb","itemListElement":[{"@type":"ListItem","position":1,"name":"Startseite","item":"https:\/\/www.esberitox.de\/at\/at\/"},{"@type":"ListItem","position":2,"name":"Ratgeber &#038; Hausmittel","item":"https:\/\/www.esberitox.de\/at\/ratgeber-hausmittel\/"},{"@type":"ListItem","position":3,"name":"Erk\u00e4ltungsmittel f\u00fcr Kinder"}]},{"@type":"WebSite","@id":"https:\/\/www.esberitox.de\/at\/#website","url":"https:\/\/www.esberitox.de\/at\/","name":"Esberitox","description":"","potentialAction":[{"@type":"SearchAction","target":{"@type":"EntryPoint","urlTemplate":"https:\/\/www.esberitox.de\/at\/?s={search_term_string}"},"query-input":{"@type":"PropertyValueSpecification","valueRequired":true,"valueName":"search_term_string"}}],"inLanguage":"de"}]}},"_links":{"self":[{"href":"https:\/\/www.esberitox.de\/at\/wp-json\/wp\/v2\/pages\/569","targetHints":{"allow":["GET"]}}],"collection":[{"href":"https:\/\/www.esberitox.de\/at\/wp-json\/wp\/v2\/pages"}],"about":[{"href":"https:\/\/www.esberitox.de\/at\/wp-json\/wp\/v2\/types\/page"}],"author":[{"embeddable":true,"href":"https:\/\/www.esberitox.de\/at\/wp-json\/wp\/v2\/users\/2"}],"replies":[{"embeddable":true,"href":"https:\/\/www.esberitox.de\/at\/wp-json\/wp\/v2\/comments?post=569"}],"version-history":[{"count":15,"href":"https:\/\/www.esberitox.de\/at\/wp-json\/wp\/v2\/pages\/569\/revisions"}],"predecessor-version":[{"id":1888,"href":"https:\/\/www.esberitox.de\/at\/wp-json\/wp\/v2\/pages\/569\/revisions\/1888"}],"up":[{"embeddable":true,"href":"https:\/\/www.esberitox.de\/at\/wp-json\/wp\/v2\/pages\/616"}],"wp:attachment":[{"href":"https:\/\/www.esberitox.de\/at\/wp-json\/wp\/v2\/media?parent=569"}],"curies":[{"name":"wp","href":"https:\/\/api.w.org\/{rel}","templated":true}]}}