{"id":591,"date":"2024-11-29T12:01:18","date_gmt":"2024-11-29T11:01:18","guid":{"rendered":"https:\/\/www.esberitox.de\/?page_id=591"},"modified":"2025-01-02T16:38:42","modified_gmt":"2025-01-02T15:38:42","slug":"halsschmerzen","status":"publish","type":"page","link":"https:\/\/www.esberitox.de\/at\/grippaler-infekt\/halsschmerzen\/","title":{"rendered":"Halsschmerzen"},"content":{"rendered":"<div id=\"pl-591\"  class=\"panel-layout\" ><div id=\"pg-591-0\"  class=\"panel-grid panel-no-style\" ><div id=\"pgc-591-0-0\"  class=\"panel-grid-cell\" ><div id=\"panel-591-0-0-0\" class=\"so-panel widget widget_wph-hero-form-fields panel-first-child panel-last-child\" data-index=\"0\" ><div\n\t\t\t\n\t\t\tclass=\"so-widget-wph-hero-form-fields so-widget-wph-hero-form-fields-base\"\n\t\t\t\n\t\t><!-- hero-sectionm start -->\n<section class=\"hero-sectionm\">\n    <div class=\"container\">\n                    <style>\n                .hero-mainm {\n                    padding-top: 0;\n                }\n            <\/style>\n                <div class=\"hero-mainm\">\n            <div class=\"row \">\n                <div class=\"col-md-5 order-2 order-md-1\">\n                    <div class=\"hero-leftm\">\n                        <h2><strong>Erk\u00e4ltungs-Symptom:<\/strong>\n<h1><span style=\"color: #009739;\">Halsschmerzen<\/span><\/h1>\n<ul>\n<li>Vorbote einer Erk\u00e4ltung<\/li>\n<li>Erstes Halskratzen<\/li>\n<li>Hilfe und unterst\u00fctzende Hausmittel<br \/>\nneben der Behandlung mit Esberitox<sup>\u00ae<\/sup><\/li>\n<\/ul>\n<\/h2>\n                                        <\/div>\n                <\/div>\n                <div class=\"col-md-7 order-1 order-md-2\">\n                    <div class=\"hero-rightm\">\n                                                    <img decoding=\"async\" class=\"\" src=\"https:\/\/www.esberitox.de\/at\/wp-content\/uploads\/esberitox_halsschmerzen_at-1.jpg\" alt=\"\">\n                                            <\/div>\n                <\/div>\n            <\/div>\n        <\/div>\n    <\/div>\n<\/section>\n<!-- hero-sectionm end --><\/div><\/div><\/div><\/div><div id=\"pg-591-1\"  class=\"panel-grid panel-no-style\" ><div id=\"pgc-591-1-0\"  class=\"panel-grid-cell\" ><div id=\"panel-591-1-0-0\" class=\"so-panel widget widget_wph-textbox-form-fields panel-first-child panel-last-child\" data-index=\"1\" ><div\n\t\t\t\n\t\t\tclass=\"so-widget-wph-textbox-form-fields so-widget-wph-textbox-form-fields-base\"\n\t\t\t\n\t\t><!-- hero-area3-start -->\n<section class=\"hero-area3 textbox-9788\">\n    <div class=\"container\">\n        <div class=\"hero-btm\">\n                                        <div class=\"content\">\n                    <h2><span style=\"color: #009739; font-size: 30px;\">Erstes Halskratzen \u2013 Vorbote einer Erk\u00e4ltung?<\/span><\/h2>\n<p>In den meisten F\u00e4llen ist es tats\u00e4chlich so, dass das erste Kratzen im Hals eine Erk\u00e4ltung ank\u00fcndigt, denn h\u00e4ufig sind Infekte der oberen Atemwege wie bei einem grippalen Infekt der Grund f\u00fcr das Halsweh.<br \/>\nBakterien und Viren treten dabei durch Mund und Nase ein. Da ihnen die Schleimh\u00e4ute von Rachen und Hals besonders g\u00fcnstige Bedingungen bieten, nisten sie sich dort ein, um sich zu vermehren. Der Hals kratzt, beginnt zu schmerzen und brennt. Oft ist auch das Schlucken beeintr\u00e4chtigt und nur erschwert unter Schmerzen m\u00f6glich. Nicht schon bei den ersten Anzeichen effektiv behandelt, folgt auf den Halsschmerz h\u00e4ufig eine Erk\u00e4ltung.<\/p>\n                <\/div>\n                    <\/div>\n    <\/div>\n<\/section>\n<!-- hero-area3-end -->\n<\/div><\/div><\/div><\/div><div id=\"pg-591-2\"  class=\"panel-grid panel-no-style\" ><div id=\"pgc-591-2-0\"  class=\"panel-grid-cell\" ><div id=\"panel-591-2-0-0\" class=\"so-panel widget widget_wph-textboxlb-form-fields panel-first-child panel-last-child\" data-index=\"2\" ><div\n\t\t\t\n\t\t\tclass=\"so-widget-wph-textboxlb-form-fields so-widget-wph-textboxlb-form-fields-base\"\n\t\t\t\n\t\t><section class=\"cystinol-area3 leaf-box-50934\">\n    <div class=\"cystinol3-main\" style=\"background-color: #e0f4e8\">\n        <div class=\"container\">\n            <div class=\"row\">\n                <div id=\"pl-we0b2a47b\"  class=\"panel-layout\" ><div id=\"pg-we0b2a47b-0\"  class=\"panel-grid panel-no-style\" ><div id=\"pgc-we0b2a47b-0-0\"  class=\"panel-grid-cell\" ><div id=\"panel-we0b2a47b-0-0-0\" class=\"so-panel widget widget_sow-editor panel-first-child panel-last-child\" data-index=\"0\" ><div class=\"panel-widget-style panel-widget-style-for-we0b2a47b-0-0-0\" ><div\n\t\t\t\n\t\t\tclass=\"so-widget-sow-editor so-widget-sow-editor-base\"\n\t\t\t\n\t\t>\n<div class=\"siteorigin-widget-tinymce textwidget\">\n\t<p><span style=\"font-size: 20px; color: #009739;\"><strong>Schluckbeschwerden und Halsweh:<\/strong><\/span><\/p>\n<h2><span style=\"font-size: 30px; color: #009739;\">Was kann man tun?<\/span><\/h2>\n<p>Die meisten Schmerzen im Hals dauern nur einen oder zwei Tage. Die Schleimh\u00e4ute von Hals und Rachen bieten die besten Bedingungen, an die die Viren angepasst sind. Je nachdem, wie gut unser Immunsystem arbeitet, sind h\u00e4ufig auch die Mandeln befallen. Reine Halsbeschwerden m\u00fcssen nicht zwingend durch einen Arzt behandelt werden, da sie in der Regel von selbst abklingen. H\u00e4ufig helfen rezeptfreie entz\u00fcndungshemmende, reizlindernde Medikamente, die Rachenschmerzen im Zuge einer Erk\u00e4ltung zu lindern.<\/p>\n<p>Halten sich Halsschmerzen hartn\u00e4ckig \u00fcber eine Woche oder sind sie von Schluck- oder gar Atembeschwerden begleitet, sollte ein Arzt aufgesucht werden.<\/p>\n<\/div>\n<\/div><\/div><\/div><\/div><\/div><\/div>            <\/div>\n        <\/div>\n    <\/div>\n<\/section>\n\n    <style>\n        .leaf-box-50934 .cystinol3-main {\n            padding: 90px 195px;\n            width: 1200px;\n            margin: 0 auto;\n        }\n    <\/style>\n\n<\/div><\/div><\/div><\/div><div id=\"pg-591-3\"  class=\"panel-grid panel-no-style\" ><div id=\"pgc-591-3-0\"  class=\"panel-grid-cell\" ><div id=\"panel-591-3-0-0\" class=\"so-panel widget widget_sow-editor panel-first-child panel-last-child\" data-index=\"3\" ><div\n\t\t\t\n\t\t\tclass=\"so-widget-sow-editor so-widget-sow-editor-base\"\n\t\t\t\n\t\t>\n<div class=\"siteorigin-widget-tinymce textwidget\">\n\t<p><span style=\"font-size: 20px; color: #009739;\"><strong>Halsschmerzen:<\/strong><\/span><\/p>\n<h2><span style=\"font-size: 30px; color: #009739;\">Wirksame Hilfe und Hausmittel<\/span><\/h2>\n<p>Halsschmerzen lassen sich \u2013 \u00e4hnlich aller anderen Erk\u00e4ltungs-Infektionen \u2013 am besten mit einem starken\u00a0<a href=\"https:\/\/www.esberitox.de\/at\/erkaeltung-verkuerzen\/pflanzliche-wirkstoffe\/\">Immunsystem<\/a>\u00a0vorbeugen, aber nat\u00fcrlich hilft es auch, bestimmte Verhaltensregeln zu beachten. In der kalten Jahreszeit ist insbesondere darauf zu achten, dass nach dem H\u00e4nde sch\u00fctteln oder Nase putzen, die H\u00e4nde gewaschen werden.<\/p>\n<p>Schmerzt der Hals aber erst einmal, verschaffen Lutschtabletten sehr gute Linderung, denn sie wirken lokal in Mund, Hals und Rachen. Einige desinifizieren, andere bet\u00e4uben den Schmerz und wirken entz\u00fcndungshemmend sowie Hals beruhigend.<\/p>\n<p>Wer gerade keine M\u00f6glichkeit hat, sich mit Medikamenten zu versorgen, kann Halsschmerzen auch mit\u00a0<a href=\"https:\/\/www.esberitox.de\/at\/ratgeber-hausmittel\/hausmittel-bei-erkaeltung\/\">Hausmitteln<\/a>\u00a0bek\u00e4mpfen: Hei\u00dfe Milch mit Honig wirkt manchmal Wunder, da sie sowohl beruhigende wie antibakterielle Eigenschaften vereint.<\/p>\n<\/div>\n<\/div><\/div><\/div><\/div><div id=\"pg-591-4\"  class=\"panel-grid panel-no-style\" ><div id=\"pgc-591-4-0\"  class=\"panel-grid-cell\" ><div id=\"panel-591-4-0-0\" class=\"so-panel widget widget_sow-editor panel-first-child panel-last-child\" data-index=\"4\" ><div\n\t\t\t\n\t\t\tclass=\"so-widget-sow-editor so-widget-sow-editor-base\"\n\t\t\t\n\t\t>\n<div class=\"siteorigin-widget-tinymce textwidget\">\n\t<p><img loading=\"lazy\" decoding=\"async\" class=\"alignnone wp-image-725 size-full\" src=\"https:\/\/www.esberitox.de\/wp-content\/uploads\/Halsschmerzen.png\" alt=\"\" width=\"523\" height=\"482\" srcset=\"https:\/\/www.esberitox.de\/at\/wp-content\/uploads\/Halsschmerzen.png 523w, https:\/\/www.esberitox.de\/at\/wp-content\/uploads\/Halsschmerzen-300x276.png 300w\" sizes=\"auto, (max-width: 523px) 100vw, 523px\" \/><\/p>\n<\/div>\n<\/div><\/div><\/div><div id=\"pgc-591-4-1\"  class=\"panel-grid-cell\" ><div id=\"panel-591-4-1-0\" class=\"so-panel widget widget_sow-editor panel-first-child panel-last-child\" data-index=\"5\" ><div\n\t\t\t\n\t\t\tclass=\"so-widget-sow-editor so-widget-sow-editor-base\"\n\t\t\t\n\t\t>\n<div class=\"siteorigin-widget-tinymce textwidget\">\n\t<p><span style=\"font-size: 20px; color: #009739;\"><strong>Der Erk\u00e4ltungsratgeber<\/strong><\/span><\/p>\n<h2><span style=\"font-size: 30px;\">Halsschmerzen vorbeugen und behandeln<\/span><\/h2>\n<p>Im Erk\u00e4ltungsratgeber finden Sie Tipps und Tricks zum Thema Halsschmerzen. Damit\u00a0<a href=\"https:\/\/www.esberitox.de\/at\/grippaler-infekt\/husten\/\">Husten<\/a>,\u00a0<a href=\"https:\/\/www.esberitox.de\/at\/grippaler-infekt\/schnupfen\/\">Schnupfen<\/a>, Halsschmerzen\u00a0&amp; Heiserkeit keine Chance haben, finden Sie in unserem Ratgeber alles rund um die Themen\u00a0<a href=\"https:\/\/www.esberitox.de\/at\/ratgeber-hausmittel\/erkaeltung-behandeln\/\">Erk\u00e4ltung behandeln<\/a>,\u00a0<a href=\"https:\/\/www.esberitox.de\/at\/ratgeber-hausmittel\/erkaeltung-vorbeugen\/\">Erk\u00e4ltung vorbeugen<\/a>\u00a0und das beste aus\u00a0<a href=\"https:\/\/www.esberitox.de\/at\/ratgeber-hausmittel\/hausmittel-bei-erkaeltung\/\">Omas Hausmittel<\/a>\u00a0Repertoire.<\/p>\n<p><a href=\"https:\/\/www.esberitox.de\/at\/hausmittel-bei-reizhusten-2\/\">Ratgeberartikel zum Thema Heiserkeit und Halsschmerzen<\/a><\/p>\n<\/div>\n<\/div><\/div><\/div><\/div><div id=\"pg-591-5\"  class=\"panel-grid panel-no-style\" ><div id=\"pgc-591-5-0\"  class=\"panel-grid-cell\" ><div id=\"panel-591-5-0-0\" class=\"so-panel widget widget_sow-editor panel-first-child panel-last-child\" data-index=\"6\" ><div\n\t\t\t\n\t\t\tclass=\"so-widget-sow-editor so-widget-sow-editor-base\"\n\t\t\t\n\t\t>\n<div class=\"siteorigin-widget-tinymce textwidget\">\n\t<h2 style=\"text-align: center;\"><span style=\"; color: #009739;\">Ratgeber Thema<\/span><\/h2>\n<p style=\"text-align: center;\"><strong>\u201eErk\u00e4ltung vorbeugen\u201c<\/strong><\/p>\n<\/div>\n<\/div><\/div><\/div><\/div><div id=\"pg-591-6\"  class=\"panel-grid panel-no-style\" ><div id=\"pgc-591-6-0\"  class=\"panel-grid-cell\" ><div id=\"panel-591-6-0-0\" class=\"so-panel widget widget_wph-pages panel-first-child panel-last-child\" data-index=\"7\" ><div\n\t\t\t\n\t\t\tclass=\"so-widget-wph-pages so-widget-wph-pages-base\"\n\t\t\t\n\t\t><section class=\"container\">\n    <section class=\"grp\">\n        <div class=\"row row-cols-1 row-cols-md-3 g-4\">\n                            <div class=\"col\">\n                    <div class=\"card h-100\">\n                        <img decoding=\"async\" src=\"https:\/\/www.esberitox.de\/at\/wp-content\/uploads\/AdobeStock_528096186-scaled.jpeg\" class=\"card-img-top img1\">\n                        <div class=\"card-body\">\n                            <div class=\"card-title\">\n                                <a href=\"https:\/\/www.esberitox.de\/at\/grippaler-infekt\/husten\/\" title=\"Husten\">\n                                    Husten                                <\/a>\n                            <\/div>\n                            <div class=\"card-text\">\n                                <p>In der Regel ist der Husten eine Abwehrreaktion des K\u00f6rpers, um in den Atemwegen befindliche Fremdk\u00f6per auf diese Weise loszuwerden.<\/p>\n                            <\/div>\n                        <\/div>\n                        <a href=\"https:\/\/www.esberitox.de\/at\/grippaler-infekt\/husten\/\" title=\"Husten\">\n                            Mehr erfahren                        <\/a>\n                    <\/div>\n                <\/div>\n                            <div class=\"col\">\n                    <div class=\"card h-100\">\n                        <img decoding=\"async\" src=\"https:\/\/www.esberitox.de\/at\/wp-content\/uploads\/AdobeStock_681462825-scaled.jpeg\" class=\"card-img-top img1\">\n                        <div class=\"card-body\">\n                            <div class=\"card-title\">\n                                <a href=\"https:\/\/www.esberitox.de\/at\/grippaler-infekt\/schnupfen\/\" title=\"Schnupfen\">\n                                    Schnupfen                                <\/a>\n                            <\/div>\n                            <div class=\"card-text\">\n                                <p>Im Prinzip schon. Aus der Atemluft nehmen Viren z.B. \u00fcber die Tr\u00f6pfcheninfektion auf, welche dann \u2013 speziell im Winter \u2013 in die Schleimh\u00e4ute eindringen k\u00f6nnen.<\/p>\n                            <\/div>\n                        <\/div>\n                        <a href=\"https:\/\/www.esberitox.de\/at\/grippaler-infekt\/schnupfen\/\" title=\"Schnupfen\">\n                            Mehr erfahren                        <\/a>\n                    <\/div>\n                <\/div>\n                            <div class=\"col\">\n                    <div class=\"card h-100\">\n                        <img decoding=\"async\" src=\"https:\/\/www.esberitox.de\/at\/wp-content\/uploads\/AdobeStock_337545953-scaled.jpeg\" class=\"card-img-top img1\">\n                        <div class=\"card-body\">\n                            <div class=\"card-title\">\n                                <a href=\"https:\/\/www.esberitox.de\/at\/grippaler-infekt\/halsschmerzen\/\" title=\"Halsschmerzen\">\n                                    Halsschmerzen                                <\/a>\n                            <\/div>\n                            <div class=\"card-text\">\n                                <p>In den meisten F\u00e4llen ist es tats\u00e4chlich so, dass das erste Kratzen im Hals eine Erk\u00e4ltung ank\u00fcndigt, denn h\u00e4ufig sind Infekte der oberen Atemwege wie bei einem grippalen Infekt der Grund f\u00fcr das Halsweh.<\/p>\n                            <\/div>\n                        <\/div>\n                        <a href=\"https:\/\/www.esberitox.de\/at\/grippaler-infekt\/halsschmerzen\/\" title=\"Halsschmerzen\">\n                            Mehr erfahren                        <\/a>\n                    <\/div>\n                <\/div>\n                    <\/div>\n    <\/section>\n<\/section>\n<\/div><\/div><\/div><\/div><div id=\"pg-591-7\"  class=\"panel-grid panel-no-style\" ><div id=\"pgc-591-7-0\"  class=\"panel-grid-cell\" ><div id=\"panel-591-7-0-0\" class=\"so-panel widget widget_wph-templates panel-first-child panel-last-child\" data-index=\"8\" ><div\n\t\t\t\n\t\t\tclass=\"so-widget-wph-templates so-widget-wph-templates-base\"\n\t\t\t\n\t\t><section id=\"siteorigin-panels-builder-3\" class=\"widget widget_siteorigin-panels-builder\"><div id=\"pl-w6758172e89ede\"  class=\"panel-layout\" ><div id=\"pg-w6758172e89ede-0\"  class=\"panel-grid panel-has-style\" ><div class=\"siteorigin-panels-stretch panel-row-style panel-row-style-for-w6758172e89ede-0\" data-stretch-type=\"full-width-stretch\" ><div id=\"pgc-w6758172e89ede-0-0\"  class=\"panel-grid-cell\" ><div id=\"panel-w6758172e89ede-0-0-0\" class=\"so-panel widget widget_wph-cta-form-fields panel-first-child panel-last-child\" data-index=\"0\" ><div\n\t\t\t\n\t\t\tclass=\"so-widget-wph-cta-form-fields so-widget-wph-cta-form-fields-base\"\n\t\t\t\n\t\t><section class=\"dolore-area-s1\" style=\"background-image: url(https:\/\/www.esberitox.de\/at\/wp-content\/uploads\/esberitox-at-cta.png)\">\n    <div class=\"container ps-left\">\n        <div class=\"dolore-item-s1\">\n            <h2>Esberitox<sup>\u00ae<\/sup>\u00a0jetzt<br \/>\nonline bestellen<\/h2>\n<p>Bestellen Sie noch heute Esberitox<sup>\u00ae<\/sup>\u00a0online und lassen Sie es sich bequem nach Hause liefern.<\/p>\n                            <a class=\"ci-button\" href=\"https:\/\/www.esberitox.de\/at\/jetzt-kaufen\/\" title=\"Jetzt kaufen\">\n                    Jetzt kaufen                <\/a>\n                    <\/div>\n    <\/div>\n<\/section><\/div><\/div><\/div><\/div><\/div><\/div><\/section><\/div><\/div><\/div><\/div><\/div>","protected":false},"excerpt":{"rendered":"<p>Erk\u00e4ltungs-Symptom: Halsschmerzen Vorbote einer Erk\u00e4ltung Erstes Halskratzen Hilfe und unterst\u00fctzende Hausmittel neben der Behandlung mit Esberitox\u00ae Erstes Halskratzen \u2013 Vorbote einer Erk\u00e4ltung? In den meisten F\u00e4llen ist es tats\u00e4chlich so, dass das erste Kratzen im [&hellip;]<\/p>\n","protected":false},"author":2,"featured_media":0,"parent":587,"menu_order":0,"comment_status":"closed","ping_status":"closed","template":"","meta":{"inline_featured_image":false,"footnotes":""},"class_list":["post-591","page","type-page","status-publish","hentry"],"yoast_head":"<!-- This site is optimized with the Yoast SEO plugin v27.1.1 - https:\/\/yoast.com\/product\/yoast-seo-wordpress\/ -->\n<title>Halsschmerzen - Esberitox<\/title>\n<meta name=\"robots\" content=\"index, follow, max-snippet:-1, max-image-preview:large, max-video-preview:-1\" \/>\n<link rel=\"canonical\" href=\"https:\/\/www.esberitox.de\/at\/grippaler-infekt\/halsschmerzen\/\" \/>\n<meta property=\"og:locale\" content=\"de_DE\" \/>\n<meta property=\"og:type\" content=\"article\" \/>\n<meta property=\"og:title\" content=\"Halsschmerzen - Esberitox\" \/>\n<meta property=\"og:description\" content=\"Erk\u00e4ltungs-Symptom: Halsschmerzen Vorbote einer Erk\u00e4ltung Erstes Halskratzen Hilfe und unterst\u00fctzende Hausmittel neben der Behandlung mit Esberitox\u00ae Erstes Halskratzen \u2013 Vorbote einer Erk\u00e4ltung? In den meisten F\u00e4llen ist es tats\u00e4chlich so, dass das erste Kratzen im [&hellip;]\" \/>\n<meta property=\"og:url\" content=\"https:\/\/www.esberitox.de\/at\/grippaler-infekt\/halsschmerzen\/\" \/>\n<meta property=\"og:site_name\" content=\"Esberitox\" \/>\n<meta property=\"article:modified_time\" content=\"2025-01-02T15:38:42+00:00\" \/>\n<meta property=\"og:image\" content=\"https:\/\/www.esberitox.de\/wp-content\/uploads\/Halsschmerzen.png\" \/>\n<meta name=\"twitter:card\" content=\"summary_large_image\" \/>\n<meta name=\"twitter:label1\" content=\"Gesch\u00e4tzte Lesezeit\" \/>\n\t<meta name=\"twitter:data1\" content=\"4\u00a0Minuten\" \/>\n<script type=\"application\/ld+json\" class=\"yoast-schema-graph\">{\"@context\":\"https:\/\/schema.org\",\"@graph\":[{\"@type\":\"WebPage\",\"@id\":\"https:\/\/www.esberitox.de\/at\/grippaler-infekt\/halsschmerzen\/\",\"url\":\"https:\/\/www.esberitox.de\/at\/grippaler-infekt\/halsschmerzen\/\",\"name\":\"Halsschmerzen - Esberitox\",\"isPartOf\":{\"@id\":\"https:\/\/www.esberitox.de\/at\/#website\"},\"primaryImageOfPage\":{\"@id\":\"https:\/\/www.esberitox.de\/at\/grippaler-infekt\/halsschmerzen\/#primaryimage\"},\"image\":{\"@id\":\"https:\/\/www.esberitox.de\/at\/grippaler-infekt\/halsschmerzen\/#primaryimage\"},\"thumbnailUrl\":\"https:\/\/www.esberitox.de\/wp-content\/uploads\/Halsschmerzen.png\",\"datePublished\":\"2024-11-29T11:01:18+00:00\",\"dateModified\":\"2025-01-02T15:38:42+00:00\",\"breadcrumb\":{\"@id\":\"https:\/\/www.esberitox.de\/at\/grippaler-infekt\/halsschmerzen\/#breadcrumb\"},\"inLanguage\":\"de\",\"potentialAction\":[{\"@type\":\"ReadAction\",\"target\":[\"https:\/\/www.esberitox.de\/at\/grippaler-infekt\/halsschmerzen\/\"]}]},{\"@type\":\"ImageObject\",\"inLanguage\":\"de\",\"@id\":\"https:\/\/www.esberitox.de\/at\/grippaler-infekt\/halsschmerzen\/#primaryimage\",\"url\":\"https:\/\/www.esberitox.de\/wp-content\/uploads\/Halsschmerzen.png\",\"contentUrl\":\"https:\/\/www.esberitox.de\/wp-content\/uploads\/Halsschmerzen.png\"},{\"@type\":\"BreadcrumbList\",\"@id\":\"https:\/\/www.esberitox.de\/at\/grippaler-infekt\/halsschmerzen\/#breadcrumb\",\"itemListElement\":[{\"@type\":\"ListItem\",\"position\":1,\"name\":\"Startseite\",\"item\":\"https:\/\/www.esberitox.de\/at\/at\/\"},{\"@type\":\"ListItem\",\"position\":2,\"name\":\"Grippaler Infekt\",\"item\":\"https:\/\/www.esberitox.de\/at\/grippaler-infekt\/\"},{\"@type\":\"ListItem\",\"position\":3,\"name\":\"Halsschmerzen\"}]},{\"@type\":\"WebSite\",\"@id\":\"https:\/\/www.esberitox.de\/at\/#website\",\"url\":\"https:\/\/www.esberitox.de\/at\/\",\"name\":\"Esberitox\",\"description\":\"\",\"potentialAction\":[{\"@type\":\"SearchAction\",\"target\":{\"@type\":\"EntryPoint\",\"urlTemplate\":\"https:\/\/www.esberitox.de\/at\/?s={search_term_string}\"},\"query-input\":{\"@type\":\"PropertyValueSpecification\",\"valueRequired\":true,\"valueName\":\"search_term_string\"}}],\"inLanguage\":\"de\"}]}<\/script>\n<!-- \/ Yoast SEO plugin. -->","yoast_head_json":{"title":"Halsschmerzen - Esberitox","robots":{"index":"index","follow":"follow","max-snippet":"max-snippet:-1","max-image-preview":"max-image-preview:large","max-video-preview":"max-video-preview:-1"},"canonical":"https:\/\/www.esberitox.de\/at\/grippaler-infekt\/halsschmerzen\/","og_locale":"de_DE","og_type":"article","og_title":"Halsschmerzen - Esberitox","og_description":"Erk\u00e4ltungs-Symptom: Halsschmerzen Vorbote einer Erk\u00e4ltung Erstes Halskratzen Hilfe und unterst\u00fctzende Hausmittel neben der Behandlung mit Esberitox\u00ae Erstes Halskratzen \u2013 Vorbote einer Erk\u00e4ltung? In den meisten F\u00e4llen ist es tats\u00e4chlich so, dass das erste Kratzen im [&hellip;]","og_url":"https:\/\/www.esberitox.de\/at\/grippaler-infekt\/halsschmerzen\/","og_site_name":"Esberitox","article_modified_time":"2025-01-02T15:38:42+00:00","og_image":[{"url":"https:\/\/www.esberitox.de\/wp-content\/uploads\/Halsschmerzen.png","type":"","width":"","height":""}],"twitter_card":"summary_large_image","twitter_misc":{"Gesch\u00e4tzte Lesezeit":"4\u00a0Minuten"},"schema":{"@context":"https:\/\/schema.org","@graph":[{"@type":"WebPage","@id":"https:\/\/www.esberitox.de\/at\/grippaler-infekt\/halsschmerzen\/","url":"https:\/\/www.esberitox.de\/at\/grippaler-infekt\/halsschmerzen\/","name":"Halsschmerzen - Esberitox","isPartOf":{"@id":"https:\/\/www.esberitox.de\/at\/#website"},"primaryImageOfPage":{"@id":"https:\/\/www.esberitox.de\/at\/grippaler-infekt\/halsschmerzen\/#primaryimage"},"image":{"@id":"https:\/\/www.esberitox.de\/at\/grippaler-infekt\/halsschmerzen\/#primaryimage"},"thumbnailUrl":"https:\/\/www.esberitox.de\/wp-content\/uploads\/Halsschmerzen.png","datePublished":"2024-11-29T11:01:18+00:00","dateModified":"2025-01-02T15:38:42+00:00","breadcrumb":{"@id":"https:\/\/www.esberitox.de\/at\/grippaler-infekt\/halsschmerzen\/#breadcrumb"},"inLanguage":"de","potentialAction":[{"@type":"ReadAction","target":["https:\/\/www.esberitox.de\/at\/grippaler-infekt\/halsschmerzen\/"]}]},{"@type":"ImageObject","inLanguage":"de","@id":"https:\/\/www.esberitox.de\/at\/grippaler-infekt\/halsschmerzen\/#primaryimage","url":"https:\/\/www.esberitox.de\/wp-content\/uploads\/Halsschmerzen.png","contentUrl":"https:\/\/www.esberitox.de\/wp-content\/uploads\/Halsschmerzen.png"},{"@type":"BreadcrumbList","@id":"https:\/\/www.esberitox.de\/at\/grippaler-infekt\/halsschmerzen\/#breadcrumb","itemListElement":[{"@type":"ListItem","position":1,"name":"Startseite","item":"https:\/\/www.esberitox.de\/at\/at\/"},{"@type":"ListItem","position":2,"name":"Grippaler Infekt","item":"https:\/\/www.esberitox.de\/at\/grippaler-infekt\/"},{"@type":"ListItem","position":3,"name":"Halsschmerzen"}]},{"@type":"WebSite","@id":"https:\/\/www.esberitox.de\/at\/#website","url":"https:\/\/www.esberitox.de\/at\/","name":"Esberitox","description":"","potentialAction":[{"@type":"SearchAction","target":{"@type":"EntryPoint","urlTemplate":"https:\/\/www.esberitox.de\/at\/?s={search_term_string}"},"query-input":{"@type":"PropertyValueSpecification","valueRequired":true,"valueName":"search_term_string"}}],"inLanguage":"de"}]}},"_links":{"self":[{"href":"https:\/\/www.esberitox.de\/at\/wp-json\/wp\/v2\/pages\/591","targetHints":{"allow":["GET"]}}],"collection":[{"href":"https:\/\/www.esberitox.de\/at\/wp-json\/wp\/v2\/pages"}],"about":[{"href":"https:\/\/www.esberitox.de\/at\/wp-json\/wp\/v2\/types\/page"}],"author":[{"embeddable":true,"href":"https:\/\/www.esberitox.de\/at\/wp-json\/wp\/v2\/users\/2"}],"replies":[{"embeddable":true,"href":"https:\/\/www.esberitox.de\/at\/wp-json\/wp\/v2\/comments?post=591"}],"version-history":[{"count":15,"href":"https:\/\/www.esberitox.de\/at\/wp-json\/wp\/v2\/pages\/591\/revisions"}],"predecessor-version":[{"id":1887,"href":"https:\/\/www.esberitox.de\/at\/wp-json\/wp\/v2\/pages\/591\/revisions\/1887"}],"up":[{"embeddable":true,"href":"https:\/\/www.esberitox.de\/at\/wp-json\/wp\/v2\/pages\/587"}],"wp:attachment":[{"href":"https:\/\/www.esberitox.de\/at\/wp-json\/wp\/v2\/media?parent=591"}],"curies":[{"name":"wp","href":"https:\/\/api.w.org\/{rel}","templated":true}]}}