{"id":627,"date":"2024-11-29T12:05:53","date_gmt":"2024-11-29T11:05:53","guid":{"rendered":"https:\/\/www.esberitox.de\/?page_id=627"},"modified":"2025-01-02T16:38:22","modified_gmt":"2025-01-02T15:38:22","slug":"schnupfen","status":"publish","type":"page","link":"https:\/\/www.esberitox.de\/at\/grippaler-infekt\/schnupfen\/","title":{"rendered":"Schnupfen"},"content":{"rendered":"<div id=\"pl-627\"  class=\"panel-layout\" ><div id=\"pg-627-0\"  class=\"panel-grid panel-no-style\" ><div id=\"pgc-627-0-0\"  class=\"panel-grid-cell\" ><div id=\"panel-627-0-0-0\" class=\"so-panel widget widget_wph-hero-form-fields panel-first-child panel-last-child\" data-index=\"0\" ><div\n\t\t\t\n\t\t\tclass=\"so-widget-wph-hero-form-fields so-widget-wph-hero-form-fields-base\"\n\t\t\t\n\t\t><!-- hero-sectionm start -->\n<section class=\"hero-sectionm\">\n    <div class=\"container\">\n                    <style>\n                .hero-mainm {\n                    padding-top: 0;\n                }\n            <\/style>\n                <div class=\"hero-mainm\">\n            <div class=\"row \">\n                <div class=\"col-md-5 order-2 order-md-1\">\n                    <div class=\"hero-leftm\">\n                        <h2><strong>Erk\u00e4ltungs-Symptom:<\/strong>\n<h1><span style=\"color: #009739;\">Schnupfen<\/span><\/h1>\n<ul>\n<li>Tr\u00f6pfcheninfektion<\/li>\n<li>Entz\u00fcndung der Schleimh\u00e4ute durch Viren<\/li>\n<li>Hilfe und unterst\u00fctzende Hausmittel<br \/>\nneben der Behandlung mit Esberitox<sup>\u00ae<\/sup><\/li>\n<\/ul>\n<\/h2>\n                                        <\/div>\n                <\/div>\n                <div class=\"col-md-7 order-1 order-md-2\">\n                    <div class=\"hero-rightm\">\n                                                    <img decoding=\"async\" class=\"\" src=\"https:\/\/www.esberitox.de\/at\/wp-content\/uploads\/esberitox_schnupfen_at-1.jpg\" alt=\"\">\n                                            <\/div>\n                <\/div>\n            <\/div>\n        <\/div>\n    <\/div>\n<\/section>\n<!-- hero-sectionm end --><\/div><\/div><\/div><\/div><div id=\"pg-627-1\"  class=\"panel-grid panel-no-style\" ><div id=\"pgc-627-1-0\"  class=\"panel-grid-cell\" ><div id=\"panel-627-1-0-0\" class=\"so-panel widget widget_wph-textbox-form-fields panel-first-child panel-last-child\" data-index=\"1\" ><div\n\t\t\t\n\t\t\tclass=\"so-widget-wph-textbox-form-fields so-widget-wph-textbox-form-fields-base\"\n\t\t\t\n\t\t><!-- hero-area3-start -->\n<section class=\"hero-area3 textbox-8220\">\n    <div class=\"container\">\n        <div class=\"hero-btm\">\n                                        <div class=\"content\">\n                    <h2><span style=\"color: #009739; font-size: 30px;\">Geh\u00f6rt ein Schnupfen zur Erk\u00e4ltung?<\/span><\/h2>\n<p>Im Prinzip schon. Aus der Atemluft nehmen Viren z.B. \u00fcber die Tr\u00f6pfcheninfektion auf, welche dann \u2013 speziell im Winter \u2013 in die Schleimh\u00e4ute eindringen k\u00f6nnen. Die Viren l\u00f6sen dann eine Entz\u00fcndung der Schleimh\u00e4ute aus und es folgen die typischen Schnupfenbeschwerden, die es zu lindern gilt:<br \/>\nAnhaltendes Naselaufen, verstopfte Nase, h\u00e4ufiges Niesen und gereizte Nasenschleimh\u00e4ute. Bei einem grippalen Infekt bzw. einer Erk\u00e4ltung wird der Schnupfen meist von Beschwerden wie Kopf- und Gliederschmerzen, Abgeschlagenheit, Halsschmerzen oder Husten begleitet.<\/p>\n                <\/div>\n                    <\/div>\n    <\/div>\n<\/section>\n<!-- hero-area3-end -->\n<\/div><\/div><\/div><\/div><div id=\"pg-627-2\"  class=\"panel-grid panel-no-style\" ><div id=\"pgc-627-2-0\"  class=\"panel-grid-cell\" ><div id=\"panel-627-2-0-0\" class=\"so-panel widget widget_wph-textboxlb-form-fields panel-first-child panel-last-child\" data-index=\"2\" ><div\n\t\t\t\n\t\t\tclass=\"so-widget-wph-textboxlb-form-fields so-widget-wph-textboxlb-form-fields-base\"\n\t\t\t\n\t\t><section class=\"cystinol-area3 leaf-box-34409\">\n    <div class=\"cystinol3-main\" style=\"background-color: #e0f4e8\">\n        <div class=\"container\">\n            <div class=\"row\">\n                <div id=\"pl-w53b4f799\"  class=\"panel-layout\" ><div id=\"pg-w53b4f799-0\"  class=\"panel-grid panel-no-style\" ><div id=\"pgc-w53b4f799-0-0\"  class=\"panel-grid-cell\" ><div id=\"panel-w53b4f799-0-0-0\" class=\"so-panel widget widget_sow-editor panel-first-child panel-last-child\" data-index=\"0\" ><div class=\"panel-widget-style panel-widget-style-for-w53b4f799-0-0-0\" ><div\n\t\t\t\n\t\t\tclass=\"so-widget-sow-editor so-widget-sow-editor-base\"\n\t\t\t\n\t\t>\n<div class=\"siteorigin-widget-tinymce textwidget\">\n\t<p><span style=\"font-size: 20px; color: #009739;\"><strong>Laufende Nase, Niesen oder verstopfte Nase:<\/strong><\/span><\/p>\n<h2><span style=\"font-size: 30px; color: #009739;\">Was kann man tun?<\/span><\/h2>\n<p>Schnupfen ist keine eigenst\u00e4ndige Krankheit, sondern tritt meist als Symptom einer Grunderkrankung (z.B. Erk\u00e4ltung, grippaler Infekt) auf. Es ist jedoch auf den Verlauf des Schnupfens zu achten, da es unter Umst\u00e4nden zu Nasennebenh\u00f6hlenentz\u00fcndungen kommen kann.<\/p>\n<p>Ein harmloser Schnupfen verschwindet meistens innerhalb einer Woche nach ausreichender Schonung. F\u00fcr alle Heilungsprozesse ist es wichtig, das Immunsystem zu st\u00e4rken und dem K\u00f6rper damit bei der Selbstheilung zu unterst\u00fctzen. Die rezeptfreien und pflanzlichen Erk\u00e4ltungsmittel Esberitox<sup>\u00ae<\/sup> FORTE und Esberitox<sup>\u00ae<\/sup> bek\u00e4mpfen die Symptome einer Erk\u00e4ltung gleich 3-fach. Ihr Immun-Aktiv-Komplex hilft dabei, die Dauer der Beschwerden zu verk\u00fcrzen. In Kombination mit Nasenspray oder Nasentropfen ist man so schneller wieder fit.<\/p>\n<p>H\u00e4lt ein Schnupfen l\u00e4nger an, k\u00f6nnte jedoch auch eine Allergie oder eine ernsthafte Infektion vorliegen, die \u00e4rztlich abgekl\u00e4rt werden sollte.<\/p>\n<\/div>\n<\/div><\/div><\/div><\/div><\/div><\/div>            <\/div>\n        <\/div>\n    <\/div>\n<\/section>\n\n    <style>\n        .leaf-box-34409 .cystinol3-main {\n            padding: 90px 195px;\n            width: 1200px;\n            margin: 0 auto;\n        }\n    <\/style>\n\n<\/div><\/div><\/div><\/div><div id=\"pg-627-3\"  class=\"panel-grid panel-no-style\" ><div id=\"pgc-627-3-0\"  class=\"panel-grid-cell\" ><div id=\"panel-627-3-0-0\" class=\"so-panel widget widget_sow-editor panel-first-child panel-last-child\" data-index=\"3\" ><div\n\t\t\t\n\t\t\tclass=\"so-widget-sow-editor so-widget-sow-editor-base\"\n\t\t\t\n\t\t>\n<div class=\"siteorigin-widget-tinymce textwidget\">\n\t<p><span style=\"font-size: 20px; color: #009739;\"><strong>Schnupfen:<\/strong><\/span><\/p>\n<h2><span style=\"font-size: 30px; color: #000000;\">Wirksame Hilfe und Hausmittel<\/span><\/h2>\n<p>Auch zur Vorbeugung von Schnupfen gilt: Je st\u00e4rker unser Immunsystem ist, um so weniger anf\u00e4llig sind wir f\u00fcr die Erk\u00e4ltungskrankheiten. Hilfreich zur St\u00e4rkung der k\u00f6rpereigenen Abwehr sind z.B. regelm\u00e4\u00dfiger Sport, kalt duschen, vitaminreiche Ern\u00e4hrung, Trinken von Kr\u00e4uertees und die Einnahme von Echinacea Pr\u00e4paraten.<br \/>\n<a href=\"https:\/\/www.esberitox.de\/at\/hausmittel-bei-erkaeltung\/\">Hausmittel<\/a>\u00a0k\u00f6nnen bei einer Erk\u00e4ltung zus\u00e4tzlich unterst\u00fctzen, wie z.B. Inhalieren, Dampfb\u00e4der oder Nasensp\u00fclungen mit Salzwasser.<\/p>\n<\/div>\n<\/div><\/div><\/div><\/div><div id=\"pg-627-4\"  class=\"panel-grid panel-no-style\" ><div id=\"pgc-627-4-0\"  class=\"panel-grid-cell\" ><div id=\"panel-627-4-0-0\" class=\"so-panel widget widget_sow-editor panel-first-child panel-last-child\" data-index=\"4\" ><div\n\t\t\t\n\t\t\tclass=\"so-widget-sow-editor so-widget-sow-editor-base\"\n\t\t\t\n\t\t>\n<div class=\"siteorigin-widget-tinymce textwidget\">\n\t<p><img loading=\"lazy\" decoding=\"async\" class=\"alignnone wp-image-726 size-full\" src=\"https:\/\/www.esberitox.de\/wp-content\/uploads\/Schnupfen.png\" alt=\"\" width=\"523\" height=\"482\" srcset=\"https:\/\/www.esberitox.de\/at\/wp-content\/uploads\/Schnupfen.png 523w, https:\/\/www.esberitox.de\/at\/wp-content\/uploads\/Schnupfen-300x276.png 300w\" sizes=\"auto, (max-width: 523px) 100vw, 523px\" \/><\/p>\n<\/div>\n<\/div><\/div><\/div><div id=\"pgc-627-4-1\"  class=\"panel-grid-cell\" ><div id=\"panel-627-4-1-0\" class=\"so-panel widget widget_sow-editor panel-first-child panel-last-child\" data-index=\"5\" ><div\n\t\t\t\n\t\t\tclass=\"so-widget-sow-editor so-widget-sow-editor-base\"\n\t\t\t\n\t\t>\n<div class=\"siteorigin-widget-tinymce textwidget\">\n\t<p><span style=\"font-size: 20px; color: #009739;\"><strong>Der Erk\u00e4ltungsratgeber<\/strong><\/span><\/p>\n<h2><span style=\"font-size: 30px;\">Schnupfen vorbeugen und behandeln<\/span><\/h2>\n<p>Unser Erk\u00e4ltungsratgeber bietet Ihnen Tipps und Tricks rund um das Thema Schnupfen und vieles mehr zum grippalen Infekt. Damit\u00a0<a href=\"https:\/\/www.esberitox.de\/at\/grippaler-infekt\/husten\/\">Husten<\/a>, <a href=\"https:\/\/www.esberitox.de\/at\/grippaler-infekt\/schnupfen\/\">Schnupfen<\/a> &amp; Heiserkeit keine Chance haben, finden Sie in unserem Ratgeber alles rund um die Themen\u00a0<a href=\"https:\/\/www.esberitox.de\/at\/ratgeber-hausmittel\/erkaeltung-behandeln\/\">Erk\u00e4ltung behandeln<\/a>,\u00a0<a href=\"https:\/\/www.esberitox.de\/at\/ratgeber-hausmittel\/erkaeltung-vorbeugen\/\">Erk\u00e4ltung vorbeugen<\/a>\u00a0und das beste aus Omas Hausmittel Repertoire.<\/p>\n<p><a href=\"https:\/\/www.esberitox.de\/at\/hausmittel-bei-reizhusten-2\/\">Ratgeberartikel zum Thema Schnupfen<\/a><\/p>\n<\/div>\n<\/div><\/div><\/div><\/div><div id=\"pg-627-5\"  class=\"panel-grid panel-no-style\" ><div id=\"pgc-627-5-0\"  class=\"panel-grid-cell\" ><div id=\"panel-627-5-0-0\" class=\"so-panel widget widget_sow-editor panel-first-child panel-last-child\" data-index=\"6\" ><div\n\t\t\t\n\t\t\tclass=\"so-widget-sow-editor so-widget-sow-editor-base\"\n\t\t\t\n\t\t>\n<div class=\"siteorigin-widget-tinymce textwidget\">\n\t<h2 style=\"text-align: center;\"><span style=\"; color: #009739;\">Ratgeber Thema<\/span><\/h2>\n<p style=\"text-align: center;\"><strong>\u201eErk\u00e4ltung vorbeugen\u201c<\/strong><\/p>\n<\/div>\n<\/div><\/div><\/div><\/div><div id=\"pg-627-6\"  class=\"panel-grid panel-no-style\" ><div id=\"pgc-627-6-0\"  class=\"panel-grid-cell\" ><div id=\"panel-627-6-0-0\" class=\"so-panel widget widget_wph-pages panel-first-child panel-last-child\" data-index=\"7\" ><div\n\t\t\t\n\t\t\tclass=\"so-widget-wph-pages so-widget-wph-pages-base\"\n\t\t\t\n\t\t><section class=\"container\">\n    <section class=\"grp\">\n        <div class=\"row row-cols-1 row-cols-md-3 g-4\">\n                            <div class=\"col\">\n                    <div class=\"card h-100\">\n                        <img decoding=\"async\" src=\"https:\/\/www.esberitox.de\/at\/wp-content\/uploads\/AdobeStock_528096186-scaled.jpeg\" class=\"card-img-top img1\">\n                        <div class=\"card-body\">\n                            <div class=\"card-title\">\n                                <a href=\"https:\/\/www.esberitox.de\/at\/grippaler-infekt\/husten\/\" title=\"Husten\">\n                                    Husten                                <\/a>\n                            <\/div>\n                            <div class=\"card-text\">\n                                <p>In der Regel ist der Husten eine Abwehrreaktion des K\u00f6rpers, um in den Atemwegen befindliche Fremdk\u00f6per auf diese Weise loszuwerden.<\/p>\n                            <\/div>\n                        <\/div>\n                        <a href=\"https:\/\/www.esberitox.de\/at\/grippaler-infekt\/husten\/\" title=\"Husten\">\n                            Mehr erfahren                        <\/a>\n                    <\/div>\n                <\/div>\n                            <div class=\"col\">\n                    <div class=\"card h-100\">\n                        <img decoding=\"async\" src=\"https:\/\/www.esberitox.de\/at\/wp-content\/uploads\/AdobeStock_681462825-scaled.jpeg\" class=\"card-img-top img1\">\n                        <div class=\"card-body\">\n                            <div class=\"card-title\">\n                                <a href=\"https:\/\/www.esberitox.de\/at\/grippaler-infekt\/schnupfen\/\" title=\"Schnupfen\">\n                                    Schnupfen                                <\/a>\n                            <\/div>\n                            <div class=\"card-text\">\n                                <p>Im Prinzip schon. Aus der Atemluft nehmen Viren z.B. \u00fcber die Tr\u00f6pfcheninfektion auf, welche dann \u2013 speziell im Winter \u2013 in die Schleimh\u00e4ute eindringen k\u00f6nnen.<\/p>\n                            <\/div>\n                        <\/div>\n                        <a href=\"https:\/\/www.esberitox.de\/at\/grippaler-infekt\/schnupfen\/\" title=\"Schnupfen\">\n                            Mehr erfahren                        <\/a>\n                    <\/div>\n                <\/div>\n                            <div class=\"col\">\n                    <div class=\"card h-100\">\n                        <img decoding=\"async\" src=\"https:\/\/www.esberitox.de\/at\/wp-content\/uploads\/AdobeStock_337545953-scaled.jpeg\" class=\"card-img-top img1\">\n                        <div class=\"card-body\">\n                            <div class=\"card-title\">\n                                <a href=\"https:\/\/www.esberitox.de\/at\/grippaler-infekt\/halsschmerzen\/\" title=\"Halsschmerzen\">\n                                    Halsschmerzen                                <\/a>\n                            <\/div>\n                            <div class=\"card-text\">\n                                <p>In den meisten F\u00e4llen ist es tats\u00e4chlich so, dass das erste Kratzen im Hals eine Erk\u00e4ltung ank\u00fcndigt, denn h\u00e4ufig sind Infekte der oberen Atemwege wie bei einem grippalen Infekt der Grund f\u00fcr das Halsweh.<\/p>\n                            <\/div>\n                        <\/div>\n                        <a href=\"https:\/\/www.esberitox.de\/at\/grippaler-infekt\/halsschmerzen\/\" title=\"Halsschmerzen\">\n                            Mehr erfahren                        <\/a>\n                    <\/div>\n                <\/div>\n                    <\/div>\n    <\/section>\n<\/section>\n<\/div><\/div><\/div><\/div><div id=\"pg-627-7\"  class=\"panel-grid panel-no-style\" ><div id=\"pgc-627-7-0\"  class=\"panel-grid-cell\" ><div id=\"panel-627-7-0-0\" class=\"so-panel widget widget_wph-templates panel-first-child panel-last-child\" data-index=\"8\" ><div\n\t\t\t\n\t\t\tclass=\"so-widget-wph-templates so-widget-wph-templates-base\"\n\t\t\t\n\t\t><section id=\"siteorigin-panels-builder-3\" class=\"widget widget_siteorigin-panels-builder\"><div id=\"pl-w6758172e89ede\"  class=\"panel-layout\" ><div id=\"pg-w6758172e89ede-0\"  class=\"panel-grid panel-has-style\" ><div class=\"siteorigin-panels-stretch panel-row-style panel-row-style-for-w6758172e89ede-0\" data-stretch-type=\"full-width-stretch\" ><div id=\"pgc-w6758172e89ede-0-0\"  class=\"panel-grid-cell\" ><div id=\"panel-w6758172e89ede-0-0-0\" class=\"so-panel widget widget_wph-cta-form-fields panel-first-child panel-last-child\" data-index=\"0\" ><div\n\t\t\t\n\t\t\tclass=\"so-widget-wph-cta-form-fields so-widget-wph-cta-form-fields-base\"\n\t\t\t\n\t\t><section class=\"dolore-area-s1\" style=\"background-image: url(https:\/\/www.esberitox.de\/at\/wp-content\/uploads\/esberitox-at-cta.png)\">\n    <div class=\"container ps-left\">\n        <div class=\"dolore-item-s1\">\n            <h2>Esberitox<sup>\u00ae<\/sup>\u00a0jetzt<br \/>\nonline bestellen<\/h2>\n<p>Bestellen Sie noch heute Esberitox<sup>\u00ae<\/sup>\u00a0online und lassen Sie es sich bequem nach Hause liefern.<\/p>\n                            <a class=\"ci-button\" href=\"https:\/\/www.esberitox.de\/at\/jetzt-kaufen\/\" title=\"Jetzt kaufen\">\n                    Jetzt kaufen                <\/a>\n                    <\/div>\n    <\/div>\n<\/section><\/div><\/div><\/div><\/div><\/div><\/div><\/section><\/div><\/div><\/div><\/div><\/div>","protected":false},"excerpt":{"rendered":"<p>Erk\u00e4ltungs-Symptom: Schnupfen Tr\u00f6pfcheninfektion Entz\u00fcndung der Schleimh\u00e4ute durch Viren Hilfe und unterst\u00fctzende Hausmittel neben der Behandlung mit Esberitox\u00ae Geh\u00f6rt ein Schnupfen zur Erk\u00e4ltung? Im Prinzip schon. Aus der Atemluft nehmen Viren z.B. \u00fcber die Tr\u00f6pfcheninfektion auf, [&hellip;]<\/p>\n","protected":false},"author":2,"featured_media":0,"parent":587,"menu_order":0,"comment_status":"closed","ping_status":"closed","template":"","meta":{"inline_featured_image":false,"footnotes":""},"class_list":["post-627","page","type-page","status-publish","hentry"],"yoast_head":"<!-- This site is optimized with the Yoast SEO plugin v27.1.1 - https:\/\/yoast.com\/product\/yoast-seo-wordpress\/ -->\n<title>Schnupfen - Esberitox<\/title>\n<meta name=\"robots\" content=\"index, follow, max-snippet:-1, max-image-preview:large, max-video-preview:-1\" \/>\n<link rel=\"canonical\" href=\"https:\/\/www.esberitox.de\/at\/grippaler-infekt\/schnupfen\/\" \/>\n<meta property=\"og:locale\" content=\"de_DE\" \/>\n<meta property=\"og:type\" content=\"article\" \/>\n<meta property=\"og:title\" content=\"Schnupfen - Esberitox\" \/>\n<meta property=\"og:description\" content=\"Erk\u00e4ltungs-Symptom: Schnupfen Tr\u00f6pfcheninfektion Entz\u00fcndung der Schleimh\u00e4ute durch Viren Hilfe und unterst\u00fctzende Hausmittel neben der Behandlung mit Esberitox\u00ae Geh\u00f6rt ein Schnupfen zur Erk\u00e4ltung? Im Prinzip schon. Aus der Atemluft nehmen Viren z.B. \u00fcber die Tr\u00f6pfcheninfektion auf, [&hellip;]\" \/>\n<meta property=\"og:url\" content=\"https:\/\/www.esberitox.de\/at\/grippaler-infekt\/schnupfen\/\" \/>\n<meta property=\"og:site_name\" content=\"Esberitox\" \/>\n<meta property=\"article:modified_time\" content=\"2025-01-02T15:38:22+00:00\" \/>\n<meta property=\"og:image\" content=\"https:\/\/www.esberitox.de\/wp-content\/uploads\/Schnupfen.png\" \/>\n<meta name=\"twitter:card\" content=\"summary_large_image\" \/>\n<meta name=\"twitter:label1\" content=\"Gesch\u00e4tzte Lesezeit\" \/>\n\t<meta name=\"twitter:data1\" content=\"4\u00a0Minuten\" \/>\n<script type=\"application\/ld+json\" class=\"yoast-schema-graph\">{\"@context\":\"https:\/\/schema.org\",\"@graph\":[{\"@type\":\"WebPage\",\"@id\":\"https:\/\/www.esberitox.de\/at\/grippaler-infekt\/schnupfen\/\",\"url\":\"https:\/\/www.esberitox.de\/at\/grippaler-infekt\/schnupfen\/\",\"name\":\"Schnupfen - Esberitox\",\"isPartOf\":{\"@id\":\"https:\/\/www.esberitox.de\/at\/#website\"},\"primaryImageOfPage\":{\"@id\":\"https:\/\/www.esberitox.de\/at\/grippaler-infekt\/schnupfen\/#primaryimage\"},\"image\":{\"@id\":\"https:\/\/www.esberitox.de\/at\/grippaler-infekt\/schnupfen\/#primaryimage\"},\"thumbnailUrl\":\"https:\/\/www.esberitox.de\/wp-content\/uploads\/Schnupfen.png\",\"datePublished\":\"2024-11-29T11:05:53+00:00\",\"dateModified\":\"2025-01-02T15:38:22+00:00\",\"breadcrumb\":{\"@id\":\"https:\/\/www.esberitox.de\/at\/grippaler-infekt\/schnupfen\/#breadcrumb\"},\"inLanguage\":\"de\",\"potentialAction\":[{\"@type\":\"ReadAction\",\"target\":[\"https:\/\/www.esberitox.de\/at\/grippaler-infekt\/schnupfen\/\"]}]},{\"@type\":\"ImageObject\",\"inLanguage\":\"de\",\"@id\":\"https:\/\/www.esberitox.de\/at\/grippaler-infekt\/schnupfen\/#primaryimage\",\"url\":\"https:\/\/www.esberitox.de\/wp-content\/uploads\/Schnupfen.png\",\"contentUrl\":\"https:\/\/www.esberitox.de\/wp-content\/uploads\/Schnupfen.png\"},{\"@type\":\"BreadcrumbList\",\"@id\":\"https:\/\/www.esberitox.de\/at\/grippaler-infekt\/schnupfen\/#breadcrumb\",\"itemListElement\":[{\"@type\":\"ListItem\",\"position\":1,\"name\":\"Startseite\",\"item\":\"https:\/\/www.esberitox.de\/at\/at\/\"},{\"@type\":\"ListItem\",\"position\":2,\"name\":\"Grippaler Infekt\",\"item\":\"https:\/\/www.esberitox.de\/at\/grippaler-infekt\/\"},{\"@type\":\"ListItem\",\"position\":3,\"name\":\"Schnupfen\"}]},{\"@type\":\"WebSite\",\"@id\":\"https:\/\/www.esberitox.de\/at\/#website\",\"url\":\"https:\/\/www.esberitox.de\/at\/\",\"name\":\"Esberitox\",\"description\":\"\",\"potentialAction\":[{\"@type\":\"SearchAction\",\"target\":{\"@type\":\"EntryPoint\",\"urlTemplate\":\"https:\/\/www.esberitox.de\/at\/?s={search_term_string}\"},\"query-input\":{\"@type\":\"PropertyValueSpecification\",\"valueRequired\":true,\"valueName\":\"search_term_string\"}}],\"inLanguage\":\"de\"}]}<\/script>\n<!-- \/ Yoast SEO plugin. -->","yoast_head_json":{"title":"Schnupfen - Esberitox","robots":{"index":"index","follow":"follow","max-snippet":"max-snippet:-1","max-image-preview":"max-image-preview:large","max-video-preview":"max-video-preview:-1"},"canonical":"https:\/\/www.esberitox.de\/at\/grippaler-infekt\/schnupfen\/","og_locale":"de_DE","og_type":"article","og_title":"Schnupfen - Esberitox","og_description":"Erk\u00e4ltungs-Symptom: Schnupfen Tr\u00f6pfcheninfektion Entz\u00fcndung der Schleimh\u00e4ute durch Viren Hilfe und unterst\u00fctzende Hausmittel neben der Behandlung mit Esberitox\u00ae Geh\u00f6rt ein Schnupfen zur Erk\u00e4ltung? Im Prinzip schon. Aus der Atemluft nehmen Viren z.B. \u00fcber die Tr\u00f6pfcheninfektion auf, [&hellip;]","og_url":"https:\/\/www.esberitox.de\/at\/grippaler-infekt\/schnupfen\/","og_site_name":"Esberitox","article_modified_time":"2025-01-02T15:38:22+00:00","og_image":[{"url":"https:\/\/www.esberitox.de\/wp-content\/uploads\/Schnupfen.png","type":"","width":"","height":""}],"twitter_card":"summary_large_image","twitter_misc":{"Gesch\u00e4tzte Lesezeit":"4\u00a0Minuten"},"schema":{"@context":"https:\/\/schema.org","@graph":[{"@type":"WebPage","@id":"https:\/\/www.esberitox.de\/at\/grippaler-infekt\/schnupfen\/","url":"https:\/\/www.esberitox.de\/at\/grippaler-infekt\/schnupfen\/","name":"Schnupfen - Esberitox","isPartOf":{"@id":"https:\/\/www.esberitox.de\/at\/#website"},"primaryImageOfPage":{"@id":"https:\/\/www.esberitox.de\/at\/grippaler-infekt\/schnupfen\/#primaryimage"},"image":{"@id":"https:\/\/www.esberitox.de\/at\/grippaler-infekt\/schnupfen\/#primaryimage"},"thumbnailUrl":"https:\/\/www.esberitox.de\/wp-content\/uploads\/Schnupfen.png","datePublished":"2024-11-29T11:05:53+00:00","dateModified":"2025-01-02T15:38:22+00:00","breadcrumb":{"@id":"https:\/\/www.esberitox.de\/at\/grippaler-infekt\/schnupfen\/#breadcrumb"},"inLanguage":"de","potentialAction":[{"@type":"ReadAction","target":["https:\/\/www.esberitox.de\/at\/grippaler-infekt\/schnupfen\/"]}]},{"@type":"ImageObject","inLanguage":"de","@id":"https:\/\/www.esberitox.de\/at\/grippaler-infekt\/schnupfen\/#primaryimage","url":"https:\/\/www.esberitox.de\/wp-content\/uploads\/Schnupfen.png","contentUrl":"https:\/\/www.esberitox.de\/wp-content\/uploads\/Schnupfen.png"},{"@type":"BreadcrumbList","@id":"https:\/\/www.esberitox.de\/at\/grippaler-infekt\/schnupfen\/#breadcrumb","itemListElement":[{"@type":"ListItem","position":1,"name":"Startseite","item":"https:\/\/www.esberitox.de\/at\/at\/"},{"@type":"ListItem","position":2,"name":"Grippaler Infekt","item":"https:\/\/www.esberitox.de\/at\/grippaler-infekt\/"},{"@type":"ListItem","position":3,"name":"Schnupfen"}]},{"@type":"WebSite","@id":"https:\/\/www.esberitox.de\/at\/#website","url":"https:\/\/www.esberitox.de\/at\/","name":"Esberitox","description":"","potentialAction":[{"@type":"SearchAction","target":{"@type":"EntryPoint","urlTemplate":"https:\/\/www.esberitox.de\/at\/?s={search_term_string}"},"query-input":{"@type":"PropertyValueSpecification","valueRequired":true,"valueName":"search_term_string"}}],"inLanguage":"de"}]}},"_links":{"self":[{"href":"https:\/\/www.esberitox.de\/at\/wp-json\/wp\/v2\/pages\/627","targetHints":{"allow":["GET"]}}],"collection":[{"href":"https:\/\/www.esberitox.de\/at\/wp-json\/wp\/v2\/pages"}],"about":[{"href":"https:\/\/www.esberitox.de\/at\/wp-json\/wp\/v2\/types\/page"}],"author":[{"embeddable":true,"href":"https:\/\/www.esberitox.de\/at\/wp-json\/wp\/v2\/users\/2"}],"replies":[{"embeddable":true,"href":"https:\/\/www.esberitox.de\/at\/wp-json\/wp\/v2\/comments?post=627"}],"version-history":[{"count":18,"href":"https:\/\/www.esberitox.de\/at\/wp-json\/wp\/v2\/pages\/627\/revisions"}],"predecessor-version":[{"id":1886,"href":"https:\/\/www.esberitox.de\/at\/wp-json\/wp\/v2\/pages\/627\/revisions\/1886"}],"up":[{"embeddable":true,"href":"https:\/\/www.esberitox.de\/at\/wp-json\/wp\/v2\/pages\/587"}],"wp:attachment":[{"href":"https:\/\/www.esberitox.de\/at\/wp-json\/wp\/v2\/media?parent=627"}],"curies":[{"name":"wp","href":"https:\/\/api.w.org\/{rel}","templated":true}]}}