{"id":688,"date":"2024-11-29T19:02:44","date_gmt":"2024-11-29T18:02:44","guid":{"rendered":"https:\/\/www.esberitox.de\/?page_id=688"},"modified":"2024-12-10T11:17:34","modified_gmt":"2024-12-10T10:17:34","slug":"jetzt-kaufen","status":"publish","type":"page","link":"https:\/\/www.esberitox.de\/at\/jetzt-kaufen\/","title":{"rendered":"Jetzt kaufen"},"content":{"rendered":"<div id=\"pl-688\"  class=\"panel-layout\" ><div id=\"pg-688-0\"  class=\"panel-grid panel-no-style\" ><div id=\"pgc-688-0-0\"  class=\"panel-grid-cell\" ><div id=\"panel-688-0-0-0\" class=\"so-panel widget widget_wph-hero-form-fields panel-first-child panel-last-child\" data-index=\"0\" ><div\n\t\t\t\n\t\t\tclass=\"so-widget-wph-hero-form-fields so-widget-wph-hero-form-fields-base\"\n\t\t\t\n\t\t><!-- hero-sectionm start -->\n<section class=\"hero-sectionm\">\n    <div class=\"container\">\n                    <style>\n                .hero-mainm {\n                    padding-top: 0;\n                }\n            <\/style>\n                <div class=\"hero-mainm\">\n            <div class=\"row \">\n                <div class=\"col-md-5 order-2 order-md-1\">\n                    <div class=\"hero-leftm\">\n                        <h1><span style=\"color: #009739;\">Jetzt online kaufen<\/span><\/h1>\n                                        <\/div>\n                <\/div>\n                <div class=\"col-md-7 order-1 order-md-2\">\n                    <div class=\"hero-rightm\">\n                                                    <img decoding=\"async\" class=\"\" src=\"https:\/\/www.esberitox.de\/at\/wp-content\/uploads\/esberitox_webseite.jpg\" alt=\"\">\n                                            <\/div>\n                <\/div>\n            <\/div>\n        <\/div>\n    <\/div>\n<\/section>\n<!-- hero-sectionm end --><\/div><\/div><\/div><\/div><div id=\"pg-688-1\"  class=\"panel-grid panel-no-style\" ><div id=\"pgc-688-1-0\"  class=\"panel-grid-cell\" ><div id=\"panel-688-1-0-0\" class=\"so-panel widget widget_sow-editor panel-first-child\" data-index=\"1\" ><div\n\t\t\t\n\t\t\tclass=\"so-widget-sow-editor so-widget-sow-editor-base\"\n\t\t\t\n\t\t>\n<div class=\"siteorigin-widget-tinymce textwidget\">\n\t<p class=\"lead\">Wir danken Ihnen f\u00fcr Ihr Interesse an unseren Produkten. Alle Esberitox-Produkte k\u00f6nnen Sie ohne Rezept in Ihrer Apotheke kaufen. Sie k\u00f6nnen sich vor Ort kompetent beraten lassen oder unsere Produkte online erwerben.<\/p>\n<p>W\u00e4hlen Sie ganz einfach eine Apotheke aus der \u00dcbersicht aus* und lassen sich die Produkte nach Hause liefern. Sie erhalten Esberitox nat\u00fcrlich auch in weiteren Versandapotheken.<\/p>\n<p class=\"small text-pink\">* Diese Auswahl stellt keine Empfehlung dar.<\/p>\n<\/div>\n<\/div><\/div><div id=\"panel-688-1-0-1\" class=\"so-panel widget widget_wph-jetzt-kaufen-form-fields panel-last-child\" data-index=\"2\" ><div\n\t\t\t\n\t\t\tclass=\"so-widget-wph-jetzt-kaufen-form-fields so-widget-wph-jetzt-kaufen-form-fields-base\"\n\t\t\t\n\t\t><section class=\"mb-5 \">\n    <div class=\"container\">\n        <div class=\"row justify-content-center\">\n            <div class=\"col-lg-6 col-md-9 p-2\" style=\"border: 2px solid #EBEBEB; padding-bottom: 2px !important;\">\n                <div class=\"row justify-content-center\">\n                    <div class=\"col-md-6 col-6\">\n                        <div class=\" pointer active-tab text-center  p-1\" id=\"acc\" onclick=\"show()\">\n                            <div class=\"h5 pt-2 heading-font \">Vor Ort bei Ihrer Apotheke<\/div>\n                        <\/div>\n                    <\/div>\n                    <div class=\"col-md-6 col-6\">\n                        <div class=\"  p-1 pointer text-center\" id=\"sol\" onclick=\"show1()\">\n                            <div class=\" h5 pt-2 heading-font\">Online Bestellen<\/div>\n                            \n                        <\/div>\n                    <\/div>\n                <\/div>\n            <\/div>\n        <\/div>\n        \n        <div id=\"one\">\n            <div class=\"row mt-md-5 mt-0\">\n                                    \n                        <div class=\"col-md-12 col-4 mt-md-0 mt-5\" style=\"text-align: center;\">\n                            <p class=\"lead\" style=\"margin-bottom: 20px; \">Erhalten Sie Esberitox<sup>\u00ae<\/sup> direkt bei einer Apotheke in Ihrer N\u00e4he. <br>\n                        Bei Fragen zum Produkt k\u00f6nnen Sie auf die Beratungskompetenz des Apothekenteams vertrauen.\n                            <\/p>\n                        <\/div>\n                        <div  class=\"col-md-12 col-4 mt-md-0 mt-5\" style=\"text-align: center;\">\n                            <img decoding=\"async\" src=\"https:\/\/www.esberitox.de\/at\/wp-content\/uploads\/apotheken-at.jpg\">\n                        <\/div>\n                    \n                                \n            <\/div>\n        <\/div>\n\n        <div id=\"two\" style=\"display: none;\">\n            <div class=\"row mt-md-5 mt-0 jetzt-kaufen\">\n                                    <div class=\"col-md-3 col-4 mt-md-0 mt-5 one-apo\">\n                        <a target=\"_blank\" href=\"https:\/\/www.shop-apotheke.at\/arzneimittel\/A1339261\/esberitox.htm\">\n                            <img decoding=\"async\" src=\"https:\/\/www.esberitox.de\/at\/wp-content\/uploads\/csm_shop-apotheke_b615e260e6-1.png\" class=\"img-fluid\">\n                        <\/a>\n                    <\/div>\n                                    <div class=\"col-md-3 col-4 mt-md-0 mt-5 one-apo\">\n                        <a target=\"_blank\" href=\"https:\/\/www.vamida.de\/catalogsearch\/result\/?q=Esberitox\">\n                            <img decoding=\"async\" src=\"https:\/\/www.esberitox.de\/at\/wp-content\/uploads\/csm_vamida_c7c13c7fc1.png\" class=\"img-fluid\">\n                        <\/a>\n                    <\/div>\n                                    <div class=\"col-md-3 col-4 mt-md-0 mt-5 one-apo\">\n                        <a target=\"_blank\" href=\"https:\/\/www.medistore.at\/index.php?suche&amp;searchstart=1&amp;searchwords=Esberitox\">\n                            <img decoding=\"async\" src=\"https:\/\/www.esberitox.de\/at\/wp-content\/uploads\/csm_medistore_at_cabf9eefe2.png\" class=\"img-fluid\">\n                        <\/a>\n                    <\/div>\n                                    <div class=\"col-md-3 col-4 mt-md-0 mt-5 one-apo\">\n                        <a target=\"_blank\" href=\"https:\/\/www.apothekenbote.at\/arzneimittel\/erkaeltung\/immunstaerkende-mittel\/280\/esberitox-tabletten\">\n                            <img decoding=\"async\" src=\"https:\/\/www.esberitox.de\/at\/wp-content\/uploads\/csm_apotheken_bote_6566f8387e.png\" class=\"img-fluid\">\n                        <\/a>\n                    <\/div>\n                                    <div class=\"col-md-3 col-4 mt-md-0 mt-5 one-apo\">\n                        <a target=\"_blank\" href=\"https:\/\/www.onlineapo.at\/search?search=Esberitox\">\n                            <img decoding=\"async\" src=\"https:\/\/www.esberitox.de\/at\/wp-content\/uploads\/Logo_onlineapo_small.png\" class=\"img-fluid\">\n                        <\/a>\n                    <\/div>\n                            <\/div>\n        <\/div>\n    <\/div>\n<\/section>\n<script>\n    jQuery('#acc').click(function() {\n        jQuery('#acc').addClass('active-tab')\n        jQuery('#sol').removeClass('active-tab')\n    })\n    jQuery('#sol').click(function() {\n        jQuery('#acc').removeClass('active-tab')\n        jQuery('#sol').addClass('active-tab')\n    })\n<\/script>\n<script>\n    function show() {\n        document.getElementById('one').style.display = 'block';\n        document.getElementById('two').style.display = 'none';\n    }\n\n    function show1() {\n        document.getElementById('one').style.display = 'none';\n        document.getElementById('two').style.display = 'block';\n    }\n<\/script>\n<style>\n    \/\/jetzt kaufen\n    \n    .pointer {\n        cursor: pointer;\n    }\n    .heading-font {\n       font-family: 'Helvetica';\n       cursor: pointer;\n    }\n        \n    .jetzt-kaufen .one-apo {\n        align-items: stretch;\n        display: flex;\n        justify-content: center;\n        margin-bottom: 20px;\n        width: 25%;\n    }\n    .jetzt-kaufen .one-apo img {\n        max-height: 100px;\n    }\n    .jetzt-kaufen .one-apo a {\n        align-items: center;\n        display: flex;\n        border: 1.68345px solid #EBEBEB;\t\n        padding: 10px;\n        width: 100%;\n        justify-content: center;\n    }\n    \n    .jetzt-kaufen .one-apo:hover a {\n        border: 1.68345px solid #009739;\n        box-shadow: 0px 3px 5px rgba(96, 14, 2, 0.2);\n    }\n    \n    .para-font {\n        font-family: 'Helvetica Neue';\n        font-style: normal;\n        color: #009739;\n        font-weight: 400;\n    }\n    \n    .active-tab .h5 {\n        \n        background-color: #009739;\n        cursor: pointer;\n        color: #fff;\n        border-bottom: 5px solid #fff;\n    }\n    \n    .heading-font:hover {\n       border-bottom: 5px solid #009739;\n    }\n    .active-tab:hover .h5 {\n       border-bottom: 5px solid #fff;\n    }\n    .large-apo {\n       border: 2px solid #EBEBEB;\n       padding: 20px 30px;\n       height: 100%;\n    }\n    .large-apo > img {\n       margin-bottom: 10px;\n    }\n    .large-apo .stars {\n       line-height: 1;\n        margin: 10px 0;\n    }\n    .large-apo .h5 {\n       margin-bottom: 5px;\n    }\n    .large-apo p {\n       color: #666;\n       line-height: 1.8rem;\n       margin-bottom: 10px;\n    }\n    .large-apo .btn {\n        font-style: normal;\n        font-weight: 500;\n        font-size: 18px;\n        line-height: 20px;\n        color: #fff !important;\n        background: #d00c7c;\n        padding: 19px 37px;\n        border-radius: 0;\n    }\n    .pt-2 {\n         padding: 10px 0 5px !important ;\n     }\n     #primary .container {\n         max-width: 1200px;\n     }\n     \n     @media (max-width: 767px) {\n         .so-widget-wph-jetzt-kaufen-form-fields .col-4 {\n             width: 100%;\n         }\n     }\n     .logo-wrapper {\n           display: flex;\n           justify-content: space-between;\n           align-items: center;\n       }\n       @media (max-width: 575px) {\n            .logo-wrapper img{\n                width: 50%;\n            }\n            .logo-wrapper img + img{\n                  width: 30%;\n            }\n        }\n<\/style><\/div><\/div><\/div><\/div><\/div>","protected":false},"excerpt":{"rendered":"<p>Wir danken Ihnen f\u00fcr Ihr Interesse an unseren Produkten. Alle Esberitox-Produkte k\u00f6nnen Sie ohne Rezept in Ihrer Apotheke kaufen. Sie k\u00f6nnen sich vor Ort kompetent beraten lassen oder unsere Produkte online erwerben. W\u00e4hlen Sie ganz [&hellip;]<\/p>\n","protected":false},"author":2,"featured_media":0,"parent":0,"menu_order":0,"comment_status":"closed","ping_status":"closed","template":"","meta":{"inline_featured_image":false,"footnotes":""},"class_list":["post-688","page","type-page","status-publish","hentry"],"yoast_head":"<!-- This site is optimized with the Yoast SEO plugin v27.1.1 - https:\/\/yoast.com\/product\/yoast-seo-wordpress\/ -->\n<title>Jetzt kaufen - Esberitox<\/title>\n<meta name=\"robots\" content=\"index, follow, max-snippet:-1, max-image-preview:large, max-video-preview:-1\" \/>\n<link rel=\"canonical\" href=\"https:\/\/www.esberitox.de\/at\/jetzt-kaufen\/\" \/>\n<meta property=\"og:locale\" content=\"de_DE\" \/>\n<meta property=\"og:type\" content=\"article\" \/>\n<meta property=\"og:title\" content=\"Jetzt kaufen - Esberitox\" \/>\n<meta property=\"og:description\" content=\"Wir danken Ihnen f\u00fcr Ihr Interesse an unseren Produkten. Alle Esberitox-Produkte k\u00f6nnen Sie ohne Rezept in Ihrer Apotheke kaufen. Sie k\u00f6nnen sich vor Ort kompetent beraten lassen oder unsere Produkte online erwerben. W\u00e4hlen Sie ganz [&hellip;]\" \/>\n<meta property=\"og:url\" content=\"https:\/\/www.esberitox.de\/at\/jetzt-kaufen\/\" \/>\n<meta property=\"og:site_name\" content=\"Esberitox\" \/>\n<meta property=\"article:modified_time\" content=\"2024-12-10T10:17:34+00:00\" \/>\n<meta name=\"twitter:card\" content=\"summary_large_image\" \/>\n<meta name=\"twitter:label1\" content=\"Gesch\u00e4tzte Lesezeit\" \/>\n\t<meta name=\"twitter:data1\" content=\"3\u00a0Minuten\" \/>\n<script type=\"application\/ld+json\" class=\"yoast-schema-graph\">{\"@context\":\"https:\/\/schema.org\",\"@graph\":[{\"@type\":\"WebPage\",\"@id\":\"https:\/\/www.esberitox.de\/at\/jetzt-kaufen\/\",\"url\":\"https:\/\/www.esberitox.de\/at\/jetzt-kaufen\/\",\"name\":\"Jetzt kaufen - Esberitox\",\"isPartOf\":{\"@id\":\"https:\/\/www.esberitox.de\/at\/#website\"},\"datePublished\":\"2024-11-29T18:02:44+00:00\",\"dateModified\":\"2024-12-10T10:17:34+00:00\",\"breadcrumb\":{\"@id\":\"https:\/\/www.esberitox.de\/at\/jetzt-kaufen\/#breadcrumb\"},\"inLanguage\":\"de\",\"potentialAction\":[{\"@type\":\"ReadAction\",\"target\":[\"https:\/\/www.esberitox.de\/at\/jetzt-kaufen\/\"]}]},{\"@type\":\"BreadcrumbList\",\"@id\":\"https:\/\/www.esberitox.de\/at\/jetzt-kaufen\/#breadcrumb\",\"itemListElement\":[{\"@type\":\"ListItem\",\"position\":1,\"name\":\"Startseite\",\"item\":\"https:\/\/www.esberitox.de\/at\/at\/\"},{\"@type\":\"ListItem\",\"position\":2,\"name\":\"Jetzt kaufen\"}]},{\"@type\":\"WebSite\",\"@id\":\"https:\/\/www.esberitox.de\/at\/#website\",\"url\":\"https:\/\/www.esberitox.de\/at\/\",\"name\":\"Esberitox\",\"description\":\"\",\"potentialAction\":[{\"@type\":\"SearchAction\",\"target\":{\"@type\":\"EntryPoint\",\"urlTemplate\":\"https:\/\/www.esberitox.de\/at\/?s={search_term_string}\"},\"query-input\":{\"@type\":\"PropertyValueSpecification\",\"valueRequired\":true,\"valueName\":\"search_term_string\"}}],\"inLanguage\":\"de\"}]}<\/script>\n<!-- \/ Yoast SEO plugin. -->","yoast_head_json":{"title":"Jetzt kaufen - Esberitox","robots":{"index":"index","follow":"follow","max-snippet":"max-snippet:-1","max-image-preview":"max-image-preview:large","max-video-preview":"max-video-preview:-1"},"canonical":"https:\/\/www.esberitox.de\/at\/jetzt-kaufen\/","og_locale":"de_DE","og_type":"article","og_title":"Jetzt kaufen - Esberitox","og_description":"Wir danken Ihnen f\u00fcr Ihr Interesse an unseren Produkten. Alle Esberitox-Produkte k\u00f6nnen Sie ohne Rezept in Ihrer Apotheke kaufen. Sie k\u00f6nnen sich vor Ort kompetent beraten lassen oder unsere Produkte online erwerben. W\u00e4hlen Sie ganz [&hellip;]","og_url":"https:\/\/www.esberitox.de\/at\/jetzt-kaufen\/","og_site_name":"Esberitox","article_modified_time":"2024-12-10T10:17:34+00:00","twitter_card":"summary_large_image","twitter_misc":{"Gesch\u00e4tzte Lesezeit":"3\u00a0Minuten"},"schema":{"@context":"https:\/\/schema.org","@graph":[{"@type":"WebPage","@id":"https:\/\/www.esberitox.de\/at\/jetzt-kaufen\/","url":"https:\/\/www.esberitox.de\/at\/jetzt-kaufen\/","name":"Jetzt kaufen - Esberitox","isPartOf":{"@id":"https:\/\/www.esberitox.de\/at\/#website"},"datePublished":"2024-11-29T18:02:44+00:00","dateModified":"2024-12-10T10:17:34+00:00","breadcrumb":{"@id":"https:\/\/www.esberitox.de\/at\/jetzt-kaufen\/#breadcrumb"},"inLanguage":"de","potentialAction":[{"@type":"ReadAction","target":["https:\/\/www.esberitox.de\/at\/jetzt-kaufen\/"]}]},{"@type":"BreadcrumbList","@id":"https:\/\/www.esberitox.de\/at\/jetzt-kaufen\/#breadcrumb","itemListElement":[{"@type":"ListItem","position":1,"name":"Startseite","item":"https:\/\/www.esberitox.de\/at\/at\/"},{"@type":"ListItem","position":2,"name":"Jetzt kaufen"}]},{"@type":"WebSite","@id":"https:\/\/www.esberitox.de\/at\/#website","url":"https:\/\/www.esberitox.de\/at\/","name":"Esberitox","description":"","potentialAction":[{"@type":"SearchAction","target":{"@type":"EntryPoint","urlTemplate":"https:\/\/www.esberitox.de\/at\/?s={search_term_string}"},"query-input":{"@type":"PropertyValueSpecification","valueRequired":true,"valueName":"search_term_string"}}],"inLanguage":"de"}]}},"_links":{"self":[{"href":"https:\/\/www.esberitox.de\/at\/wp-json\/wp\/v2\/pages\/688","targetHints":{"allow":["GET"]}}],"collection":[{"href":"https:\/\/www.esberitox.de\/at\/wp-json\/wp\/v2\/pages"}],"about":[{"href":"https:\/\/www.esberitox.de\/at\/wp-json\/wp\/v2\/types\/page"}],"author":[{"embeddable":true,"href":"https:\/\/www.esberitox.de\/at\/wp-json\/wp\/v2\/users\/2"}],"replies":[{"embeddable":true,"href":"https:\/\/www.esberitox.de\/at\/wp-json\/wp\/v2\/comments?post=688"}],"version-history":[{"count":3,"href":"https:\/\/www.esberitox.de\/at\/wp-json\/wp\/v2\/pages\/688\/revisions"}],"predecessor-version":[{"id":1707,"href":"https:\/\/www.esberitox.de\/at\/wp-json\/wp\/v2\/pages\/688\/revisions\/1707"}],"wp:attachment":[{"href":"https:\/\/www.esberitox.de\/at\/wp-json\/wp\/v2\/media?parent=688"}],"curies":[{"name":"wp","href":"https:\/\/api.w.org\/{rel}","templated":true}]}}